{"id":5749,"date":"2023-12-19T13:34:09","date_gmt":"2023-12-19T12:34:09","guid":{"rendered":"https:\/\/counterfeitbank.com\/?post_type=product&#038;p=5749"},"modified":"2025-08-08T14:40:32","modified_gmt":"2025-08-08T12:40:32","slug":"50-gbp","status":"publish","type":"product","link":"https:\/\/counterfeitbank.com\/index.php\/produit\/50-gbp\/","title":{"rendered":"50 \u00a3 GBP"},"content":{"rendered":"<h2><span>Description<\/span><\/h2>\n<h2><strong><span>Achetez 50\u00a0GBP en ligne<\/span><\/strong><\/h2>\n<p><span>Comme ces billets en GBP sont moins utilis\u00e9s sur les march\u00e9s, notre soci\u00e9t\u00e9 se concentre sur la production de ces billets soit en moindre quantit\u00e9, soit \u00e0 la demande des clients. En outre, ces billets de 50 GBP produits par notre soci\u00e9t\u00e9 sont de la fausse monnaie hautement ind\u00e9tectable, con\u00e7ue de telle sorte qu&rsquo;ils ressemblent beaucoup \u00e0 l&rsquo;argent r\u00e9el en GBP. Parlant de ses caract\u00e9ristiques hautement in\u00e9gal\u00e9es, ces billets de 50 GBP sont imprim\u00e9s en couleur sur le double c\u00f4t\u00e9, avec moins de d\u00e9coloration, une taille et une \u00e9paisseur similaires, entre autres.<\/span><\/p>\n<h3><strong><span>Conna\u00eetre nos d\u00e9tails d\u2019exp\u00e9dition et de production\u00a0:<\/span><\/strong><\/h3>\n<p><span>\uf0fc\u00a0\u00a0 \u00a0Nous nous engageons \u00e0 produire toutes nos factures dans l&rsquo;industrie sous la direction rigoureuse de professionnels.<\/span><br \/>\n<span>\uf0fc\u00a0\u00a0 \u00a0Apr\u00e8s la production r\u00e9ussie de ces factures, notre \u00e9quipe d&rsquo;exp\u00e9dition les exp\u00e9die dans un d\u00e9lai d&rsquo;un jour ouvrable aux clients en Australie et \u00e0 proximit\u00e9.<\/span><\/p>\n<p><span>Les acheteurs qui souhaitent\u00a0<\/span><strong><span>Acheter de la fausse monnaie<\/span><\/strong><span>\u00a0peuvent visiter notre site Web et passer une commande en ligne qui sera confirm\u00e9e par notre \u00e9quipe commerciale dans un peu de temps.<\/span><\/p>\n","protected":false},"excerpt":{"rendered":"<p><a href=\"https:\/\/counterfeitbank.com\/index.php\/contact-2\/\" class=\"button\">Contacter le vendeur<\/a><\/p>\n","protected":false},"featured_media":5612,"comment_status":"open","ping_status":"closed","template":"","meta":{"site-sidebar-layout":"default","site-content-layout":"","ast-site-content-layout":"default","site-content-style":"default","site-sidebar-style":"default","ast-global-header-display":"","ast-banner-title-visibility":"","ast-main-header-display":"","ast-hfb-above-header-display":"","ast-hfb-below-header-display":"","ast-hfb-mobile-header-display":"","site-post-title":"","ast-breadcrumbs-content":"","ast-featured-img":"","footer-sml-layout":"","theme-transparent-header-meta":"default","adv-header-id-meta":"","stick-header-meta":"","header-above-stick-meta":"","header-main-stick-meta":"","header-below-stick-meta":"","astra-migrate-meta-layouts":"set","ast-page-background-enabled":"default","ast-page-background-meta":{"desktop":{"background-color":"","background-image":"","background-repeat":"repeat","background-position":"center center","background-size":"auto","background-attachment":"scroll","background-type":"","background-media":"","overlay-type":"","overlay-color":"","overlay-gradient":""},"tablet":{"background-color":"","background-image":"","background-repeat":"repeat","background-position":"center center","background-size":"auto","background-attachment":"scroll","background-type":"","background-media":"","overlay-type":"","overlay-color":"","overlay-gradient":""},"mobile":{"background-color":"","background-image":"","background-repeat":"repeat","background-position":"center center","background-size":"auto","background-attachment":"scroll","background-type":"","background-media":"","overlay-type":"","overlay-color":"","overlay-gradient":""}},"ast-content-background-meta":{"desktop":{"background-color":"var(--ast-global-color-5)","background-image":"","background-repeat":"repeat","background-position":"center center","background-size":"auto","background-attachment":"scroll","background-type":"","background-media":"","overlay-type":"","overlay-color":"","overlay-gradient":""},"tablet":{"background-color":"var(--ast-global-color-5)","background-image":"","background-repeat":"repeat","background-position":"center center","background-size":"auto","background-attachment":"scroll","background-type":"","background-media":"","overlay-type":"","overlay-color":"","overlay-gradient":""},"mobile":{"background-color":"var(--ast-global-color-5)","background-image":"","background-repeat":"repeat","background-position":"center center","background-size":"auto","background-attachment":"scroll","background-type":"","background-media":"","overlay-type":"","overlay-color":"","overlay-gradient":""}},"_joinchat":[]},"product_brand":[],"product_cat":[65,55],"product_tag":[],"class_list":{"0":"post-5749","1":"product","2":"type-product","3":"status-publish","4":"has-post-thumbnail","6":"product_cat-a-vendre","7":"product_cat-livre-sterling","8":"desktop-align-center","9":"tablet-align-center","10":"mobile-align-center","12":"first","13":"instock","14":"shipping-taxable","15":"product-type-simple"},"_links":{"self":[{"href":"https:\/\/counterfeitbank.com\/index.php\/wp-json\/wp\/v2\/product\/5749","targetHints":{"allow":["GET"]}}],"collection":[{"href":"https:\/\/counterfeitbank.com\/index.php\/wp-json\/wp\/v2\/product"}],"about":[{"href":"https:\/\/counterfeitbank.com\/index.php\/wp-json\/wp\/v2\/types\/product"}],"replies":[{"embeddable":true,"href":"https:\/\/counterfeitbank.com\/index.php\/wp-json\/wp\/v2\/comments?post=5749"}],"wp:featuredmedia":[{"embeddable":true,"href":"https:\/\/counterfeitbank.com\/index.php\/wp-json\/wp\/v2\/media\/5612"}],"wp:attachment":[{"href":"https:\/\/counterfeitbank.com\/index.php\/wp-json\/wp\/v2\/media?parent=5749"}],"wp:term":[{"taxonomy":"product_brand","embeddable":true,"href":"https:\/\/counterfeitbank.com\/index.php\/wp-json\/wp\/v2\/product_brand?post=5749"},{"taxonomy":"product_cat","embeddable":true,"href":"https:\/\/counterfeitbank.com\/index.php\/wp-json\/wp\/v2\/product_cat?post=5749"},{"taxonomy":"product_tag","embeddable":true,"href":"https:\/\/counterfeitbank.com\/index.php\/wp-json\/wp\/v2\/product_tag?post=5749"}],"curies":[{"name":"wp","href":"https:\/\/api.w.org\/{rel}","templated":true}]}}