{"id":5746,"date":"2023-12-19T13:25:02","date_gmt":"2023-12-19T12:25:02","guid":{"rendered":"https:\/\/counterfeitbank.com\/?post_type=product&#038;p=5746"},"modified":"2023-12-20T14:02:57","modified_gmt":"2023-12-20T13:02:57","slug":"20-gbp","status":"publish","type":"product","link":"https:\/\/counterfeitbank.com\/index.php\/produit\/20-gbp\/","title":{"rendered":"20 \u00a3 GBP"},"content":{"rendered":"<h2><span>Description<\/span><\/h2>\n<h2><strong><span>Achetez 20 GBP en ligne<\/span><\/strong><\/h2>\n<p><span>Vous pouvez \u00e9galement\u00a0<\/span><strong><span>Acheter de la fausse monnaie en GBP<\/span><\/strong><span>\u00a0d&rsquo;une valeur nominale de 20 chez nous. Comme il s&rsquo;agit du billet le plus important et le plus exigeant du march\u00e9, nous nous engageons \u00e0 produire ces billets en grand stock ou \u00e0 la demande de nos clients. De plus, le vrai qui contient une image claire, un bon cadre de couleur et d&rsquo;autres sp\u00e9cifications, tout cela sera pr\u00e9sent dans notre\u00a0<\/span><strong><span>Monnaie contrefaite en GBP<\/span><\/strong><span>.<strong>. une&gt;<\/strong><\/span><\/p>\n<h3><strong><span>Les d\u00e9tails d&rsquo;exp\u00e9dition:<\/span><\/strong><\/h3>\n<p><span>\uf0fc\u00a0\u00a0 \u00a0Notre monnaie contrefaite ind\u00e9tectable produite est particuli\u00e8rement con\u00e7ue \u00e0 des fins cin\u00e9matographiques et un client doit accepter avant d&rsquo;acheter les\u00a0<\/span><strong><span>faux billets en GBP<\/span><\/strong><span>\u00a0qu&rsquo;il l&rsquo;utilisera pour des activit\u00e9s l\u00e9gales.<\/span><br \/>\n<span>\uf0fc\u00a0\u00a0 \u00a0En gardant \u00e0 l&rsquo;esprit toutes les fonctionnalit\u00e9s de s\u00e9curit\u00e9 utilis\u00e9es dans les vrais billets de 20\u00a0GBP, nous avons fait de notre mieux pour les rendre identiques de toutes les mani\u00e8res possibles.<\/span><br \/>\n<span>\uf0fc\u00a0\u00a0 \u00a0Nous exp\u00e9dions les factures dans un d\u00e9lai d&rsquo;un jour ouvrable et fournissons \u00e9galement un service de suivi \u00e0 nos clients afin qu&rsquo;ils puissent \u00eatre au courant de l&rsquo;exp\u00e9dition.<\/span><\/p>\n<p><span>Les personnes int\u00e9ress\u00e9es peuvent visiter notre site Web pour acheter en ligne. Pour toute question compl\u00e9mentaire, vous pouvez contacter notre \u00e9quipe commerciale.<\/span><\/p>\n","protected":false},"excerpt":{"rendered":"<p><a href=\"https:\/\/counterfeitbank.com\/index.php\/contact-2\/\" class=\"button\">Contacter le vendeur<\/a><\/p>\n","protected":false},"featured_media":5646,"comment_status":"open","ping_status":"closed","template":"","meta":{"site-sidebar-layout":"default","site-content-layout":"","ast-site-content-layout":"default","site-content-style":"default","site-sidebar-style":"default","ast-global-header-display":"","ast-banner-title-visibility":"","ast-main-header-display":"","ast-hfb-above-header-display":"","ast-hfb-below-header-display":"","ast-hfb-mobile-header-display":"","site-post-title":"","ast-breadcrumbs-content":"","ast-featured-img":"","footer-sml-layout":"","theme-transparent-header-meta":"default","adv-header-id-meta":"","stick-header-meta":"","header-above-stick-meta":"","header-main-stick-meta":"","header-below-stick-meta":"","astra-migrate-meta-layouts":"set","ast-page-background-enabled":"default","ast-page-background-meta":{"desktop":{"background-color":"","background-image":"","background-repeat":"repeat","background-position":"center center","background-size":"auto","background-attachment":"scroll","background-type":"","background-media":"","overlay-type":"","overlay-color":"","overlay-gradient":""},"tablet":{"background-color":"","background-image":"","background-repeat":"repeat","background-position":"center center","background-size":"auto","background-attachment":"scroll","background-type":"","background-media":"","overlay-type":"","overlay-color":"","overlay-gradient":""},"mobile":{"background-color":"","background-image":"","background-repeat":"repeat","background-position":"center center","background-size":"auto","background-attachment":"scroll","background-type":"","background-media":"","overlay-type":"","overlay-color":"","overlay-gradient":""}},"ast-content-background-meta":{"desktop":{"background-color":"var(--ast-global-color-5)","background-image":"","background-repeat":"repeat","background-position":"center center","background-size":"auto","background-attachment":"scroll","background-type":"","background-media":"","overlay-type":"","overlay-color":"","overlay-gradient":""},"tablet":{"background-color":"var(--ast-global-color-5)","background-image":"","background-repeat":"repeat","background-position":"center center","background-size":"auto","background-attachment":"scroll","background-type":"","background-media":"","overlay-type":"","overlay-color":"","overlay-gradient":""},"mobile":{"background-color":"var(--ast-global-color-5)","background-image":"","background-repeat":"repeat","background-position":"center center","background-size":"auto","background-attachment":"scroll","background-type":"","background-media":"","overlay-type":"","overlay-color":"","overlay-gradient":""}},"_joinchat":[]},"product_brand":[],"product_cat":[65,55],"product_tag":[],"class_list":{"0":"post-5746","1":"product","2":"type-product","3":"status-publish","4":"has-post-thumbnail","6":"product_cat-a-vendre","7":"product_cat-livre-sterling","8":"desktop-align-center","9":"tablet-align-center","10":"mobile-align-center","12":"first","13":"instock","14":"shipping-taxable","15":"product-type-simple"},"_links":{"self":[{"href":"https:\/\/counterfeitbank.com\/index.php\/wp-json\/wp\/v2\/product\/5746","targetHints":{"allow":["GET"]}}],"collection":[{"href":"https:\/\/counterfeitbank.com\/index.php\/wp-json\/wp\/v2\/product"}],"about":[{"href":"https:\/\/counterfeitbank.com\/index.php\/wp-json\/wp\/v2\/types\/product"}],"replies":[{"embeddable":true,"href":"https:\/\/counterfeitbank.com\/index.php\/wp-json\/wp\/v2\/comments?post=5746"}],"wp:featuredmedia":[{"embeddable":true,"href":"https:\/\/counterfeitbank.com\/index.php\/wp-json\/wp\/v2\/media\/5646"}],"wp:attachment":[{"href":"https:\/\/counterfeitbank.com\/index.php\/wp-json\/wp\/v2\/media?parent=5746"}],"wp:term":[{"taxonomy":"product_brand","embeddable":true,"href":"https:\/\/counterfeitbank.com\/index.php\/wp-json\/wp\/v2\/product_brand?post=5746"},{"taxonomy":"product_cat","embeddable":true,"href":"https:\/\/counterfeitbank.com\/index.php\/wp-json\/wp\/v2\/product_cat?post=5746"},{"taxonomy":"product_tag","embeddable":true,"href":"https:\/\/counterfeitbank.com\/index.php\/wp-json\/wp\/v2\/product_tag?post=5746"}],"curies":[{"name":"wp","href":"https:\/\/api.w.org\/{rel}","templated":true}]}}