{"id":5745,"date":"2023-12-19T13:22:20","date_gmt":"2023-12-19T12:22:20","guid":{"rendered":"https:\/\/counterfeitbank.com\/?post_type=product&#038;p=5745"},"modified":"2023-12-20T14:02:50","modified_gmt":"2023-12-20T13:02:50","slug":"20-cad","status":"publish","type":"product","link":"https:\/\/counterfeitbank.com\/index.php\/produit\/20-cad\/","title":{"rendered":"20 $ CAD"},"content":{"rendered":"<h2><span>Description<\/span><\/h2>\n<h2><strong><span>Acheter 20 CAD en ligne<\/span><\/strong><\/h2>\n<p><span>Aujourd\u2019hui, de nombreux sites Web escroquent gravement leurs clients et ne leur proposent pas les factures fiables de leur choix. Nous voici pour contrer l&rsquo;argent en fournissant tous les billets CAD de haute qualit\u00e9 et \u00e0 un co\u00fbt tr\u00e8s abordable.<\/span><\/p>\n<h3><strong><span>Qu\u2019est-ce qui a fait de nous le site leader ?<\/span><\/strong><\/h3>\n<p><span>\u2022\u00a0\u00a0 \u00a0Nous proposons \u00e9galement de l&rsquo;argent CAD \u00e0 nos clients en gros, de sorte que toute personne souhaitant acheter ces factures en ligne en gros peut visiter notre site Web. Nos billets sont imprim\u00e9s des deux c\u00f4t\u00e9s, sans fuites de couleur et sont assortis aux vrais billets de 20 CAD afin de correspondre \u00e0 leur taille et \u00e0 leur \u00e9paisseur parfaites.<\/span><\/p>\n<p><span>\u2022\u00a0\u00a0 \u00a0Vu sa popularit\u00e9 et sa large disponibilit\u00e9 en stock, nous nous engageons \u00e0 produire ces billets en assez grande quantit\u00e9.<\/span><\/p>\n<p><span>\u2022\u00a0\u00a0 \u00a0De plus, avant d&rsquo;exp\u00e9dier notre 100\u00a0%\u00a0<\/span><strong><span>Fausse monnaie ind\u00e9tectable<\/span><\/strong><span>, ces\u00a0<\/span><strong><span>factures de 20 CAD<\/span><\/strong><span>\u00a0sont soumis \u00e0 plusieurs tests et autres d\u00e9tections de machines avant de l&rsquo;exp\u00e9dier aux clients<\/span><\/p>\n<p><span>Ainsi, sans aucun souci, vous pouvez commander chez nous car nous sommes des vendeurs exp\u00e9riment\u00e9s et fiables sur le march\u00e9.<\/span><\/p>\n","protected":false},"excerpt":{"rendered":"<p><a href=\"https:\/\/counterfeitbank.com\/index.php\/contact-2\/\" class=\"button\">Contacter le vendeur<\/a><\/p>\n","protected":false},"featured_media":5580,"comment_status":"open","ping_status":"closed","template":"","meta":{"site-sidebar-layout":"default","site-content-layout":"","ast-site-content-layout":"default","site-content-style":"default","site-sidebar-style":"default","ast-global-header-display":"","ast-banner-title-visibility":"","ast-main-header-display":"","ast-hfb-above-header-display":"","ast-hfb-below-header-display":"","ast-hfb-mobile-header-display":"","site-post-title":"","ast-breadcrumbs-content":"","ast-featured-img":"","footer-sml-layout":"","theme-transparent-header-meta":"default","adv-header-id-meta":"","stick-header-meta":"","header-above-stick-meta":"","header-main-stick-meta":"","header-below-stick-meta":"","astra-migrate-meta-layouts":"set","ast-page-background-enabled":"default","ast-page-background-meta":{"desktop":{"background-color":"","background-image":"","background-repeat":"repeat","background-position":"center center","background-size":"auto","background-attachment":"scroll","background-type":"","background-media":"","overlay-type":"","overlay-color":"","overlay-gradient":""},"tablet":{"background-color":"","background-image":"","background-repeat":"repeat","background-position":"center center","background-size":"auto","background-attachment":"scroll","background-type":"","background-media":"","overlay-type":"","overlay-color":"","overlay-gradient":""},"mobile":{"background-color":"","background-image":"","background-repeat":"repeat","background-position":"center center","background-size":"auto","background-attachment":"scroll","background-type":"","background-media":"","overlay-type":"","overlay-color":"","overlay-gradient":""}},"ast-content-background-meta":{"desktop":{"background-color":"var(--ast-global-color-5)","background-image":"","background-repeat":"repeat","background-position":"center center","background-size":"auto","background-attachment":"scroll","background-type":"","background-media":"","overlay-type":"","overlay-color":"","overlay-gradient":""},"tablet":{"background-color":"var(--ast-global-color-5)","background-image":"","background-repeat":"repeat","background-position":"center center","background-size":"auto","background-attachment":"scroll","background-type":"","background-media":"","overlay-type":"","overlay-color":"","overlay-gradient":""},"mobile":{"background-color":"var(--ast-global-color-5)","background-image":"","background-repeat":"repeat","background-position":"center center","background-size":"auto","background-attachment":"scroll","background-type":"","background-media":"","overlay-type":"","overlay-color":"","overlay-gradient":""}},"_joinchat":[]},"product_brand":[],"product_cat":[65,56],"product_tag":[],"class_list":{"0":"post-5745","1":"product","2":"type-product","3":"status-publish","4":"has-post-thumbnail","6":"product_cat-a-vendre","7":"product_cat-dollar-canadien","8":"desktop-align-center","9":"tablet-align-center","10":"mobile-align-center","12":"first","13":"instock","14":"shipping-taxable","15":"product-type-simple"},"_links":{"self":[{"href":"https:\/\/counterfeitbank.com\/index.php\/wp-json\/wp\/v2\/product\/5745","targetHints":{"allow":["GET"]}}],"collection":[{"href":"https:\/\/counterfeitbank.com\/index.php\/wp-json\/wp\/v2\/product"}],"about":[{"href":"https:\/\/counterfeitbank.com\/index.php\/wp-json\/wp\/v2\/types\/product"}],"replies":[{"embeddable":true,"href":"https:\/\/counterfeitbank.com\/index.php\/wp-json\/wp\/v2\/comments?post=5745"}],"wp:featuredmedia":[{"embeddable":true,"href":"https:\/\/counterfeitbank.com\/index.php\/wp-json\/wp\/v2\/media\/5580"}],"wp:attachment":[{"href":"https:\/\/counterfeitbank.com\/index.php\/wp-json\/wp\/v2\/media?parent=5745"}],"wp:term":[{"taxonomy":"product_brand","embeddable":true,"href":"https:\/\/counterfeitbank.com\/index.php\/wp-json\/wp\/v2\/product_brand?post=5745"},{"taxonomy":"product_cat","embeddable":true,"href":"https:\/\/counterfeitbank.com\/index.php\/wp-json\/wp\/v2\/product_cat?post=5745"},{"taxonomy":"product_tag","embeddable":true,"href":"https:\/\/counterfeitbank.com\/index.php\/wp-json\/wp\/v2\/product_tag?post=5745"}],"curies":[{"name":"wp","href":"https:\/\/api.w.org\/{rel}","templated":true}]}}