{"id":5739,"date":"2023-12-19T13:07:49","date_gmt":"2023-12-19T12:07:49","guid":{"rendered":"https:\/\/counterfeitbank.com\/?post_type=product&#038;p=5739"},"modified":"2025-12-15T17:47:54","modified_gmt":"2025-12-15T16:47:54","slug":"10-usd","status":"publish","type":"product","link":"https:\/\/counterfeitbank.com\/index.php\/produit\/10-usd\/","title":{"rendered":"10 USD"},"content":{"rendered":"<h2><span>Description<\/span><\/h2>\n<h2><strong><span>Achetez 10 USD en ligne<\/span><\/strong><\/h2>\n<p><span>L&rsquo;autre coupure tr\u00e8s demand\u00e9e sur le march\u00e9 am\u00e9ricain est\u00a0<\/span><strong><span>les billets de 10\u00a0USD<\/span><\/strong><span>. Comme ce billet est populaire partout et que notre soci\u00e9t\u00e9 le produit en haute qualit\u00e9 et en quantit\u00e9, ce qui lui donne un aspect r\u00e9el et authentique.<\/span><\/p>\n<h3><strong><span>Nos sp\u00e9cifications de qualit\u00e9 diff\u00e9rentes de celles d\u2019autres sites Web\u00a0:<\/span><\/strong><\/h3>\n<p><span>1. Tous nos billets sont compl\u00e8tement\u00a0<\/span><strong><span>de la fausse monnaie ind\u00e9tectable<\/span><\/strong><span>\u00a0qui est faite de la m\u00eame qualit\u00e9 que les vrais billets en dollars am\u00e9ricains. Les billets en dollars am\u00e9ricains que nous fabriquons ont la m\u00eame image imprim\u00e9e, ce qui les rend similaires aux vrais billets am\u00e9ricains.<\/span><\/p>\n<p><span>2. Les autres caract\u00e9ristiques incluent la taille adapt\u00e9e et parfaite avec les vraies factures et couleurs am\u00e9ricaines. Tous nos\u00a0<\/span><strong><span>contrefa\u00e7ons de billets en dollars am\u00e9ricains en ligne<\/span><\/strong><span>\u00a0sont soumis \u00e0 des tests stricts et \u00e0 d&rsquo;autres d\u00e9tections automatiques afin de les faire ressembler \u00e0 des billets am\u00e9ricains.<\/span><\/p>\n<p><span>3. Les acheteurs peuvent commander ces\u00a0<\/span><strong><span>factures en USD en ligne<\/span><\/strong><span>\u00a0selon leurs besoins, puis nous les ferons livrer dans un d\u00e9lai d&rsquo;un jour ouvrable avec une exp\u00e9dition appropri\u00e9e.<\/span><\/p>\n<p><span>Lisez les mentions l\u00e9gales et les conditions g\u00e9n\u00e9rales avant de commander.<\/span><\/p>\n","protected":false},"excerpt":{"rendered":"<p><a href=\"https:\/\/counterfeitbank.com\/index.php\/contact-2\/\" class=\"button\">Contacter le vendeur<\/a><\/p>\n","protected":false},"featured_media":5569,"comment_status":"open","ping_status":"closed","template":"","meta":{"site-sidebar-layout":"default","site-content-layout":"","ast-site-content-layout":"default","site-content-style":"default","site-sidebar-style":"default","ast-global-header-display":"","ast-banner-title-visibility":"","ast-main-header-display":"","ast-hfb-above-header-display":"","ast-hfb-below-header-display":"","ast-hfb-mobile-header-display":"","site-post-title":"","ast-breadcrumbs-content":"","ast-featured-img":"","footer-sml-layout":"","theme-transparent-header-meta":"default","adv-header-id-meta":"","stick-header-meta":"","header-above-stick-meta":"","header-main-stick-meta":"","header-below-stick-meta":"","astra-migrate-meta-layouts":"set","ast-page-background-enabled":"default","ast-page-background-meta":{"desktop":{"background-color":"","background-image":"","background-repeat":"repeat","background-position":"center center","background-size":"auto","background-attachment":"scroll","background-type":"","background-media":"","overlay-type":"","overlay-color":"","overlay-gradient":""},"tablet":{"background-color":"","background-image":"","background-repeat":"repeat","background-position":"center center","background-size":"auto","background-attachment":"scroll","background-type":"","background-media":"","overlay-type":"","overlay-color":"","overlay-gradient":""},"mobile":{"background-color":"","background-image":"","background-repeat":"repeat","background-position":"center center","background-size":"auto","background-attachment":"scroll","background-type":"","background-media":"","overlay-type":"","overlay-color":"","overlay-gradient":""}},"ast-content-background-meta":{"desktop":{"background-color":"var(--ast-global-color-5)","background-image":"","background-repeat":"repeat","background-position":"center center","background-size":"auto","background-attachment":"scroll","background-type":"","background-media":"","overlay-type":"","overlay-color":"","overlay-gradient":""},"tablet":{"background-color":"var(--ast-global-color-5)","background-image":"","background-repeat":"repeat","background-position":"center center","background-size":"auto","background-attachment":"scroll","background-type":"","background-media":"","overlay-type":"","overlay-color":"","overlay-gradient":""},"mobile":{"background-color":"var(--ast-global-color-5)","background-image":"","background-repeat":"repeat","background-position":"center center","background-size":"auto","background-attachment":"scroll","background-type":"","background-media":"","overlay-type":"","overlay-color":"","overlay-gradient":""}},"_joinchat":[]},"product_brand":[],"product_cat":[65,50],"product_tag":[],"class_list":{"0":"post-5739","1":"product","2":"type-product","3":"status-publish","4":"has-post-thumbnail","6":"product_cat-a-vendre","7":"product_cat-dollar","8":"desktop-align-center","9":"tablet-align-center","10":"mobile-align-center","12":"first","13":"instock","14":"shipping-taxable","15":"product-type-simple"},"_links":{"self":[{"href":"https:\/\/counterfeitbank.com\/index.php\/wp-json\/wp\/v2\/product\/5739","targetHints":{"allow":["GET"]}}],"collection":[{"href":"https:\/\/counterfeitbank.com\/index.php\/wp-json\/wp\/v2\/product"}],"about":[{"href":"https:\/\/counterfeitbank.com\/index.php\/wp-json\/wp\/v2\/types\/product"}],"replies":[{"embeddable":true,"href":"https:\/\/counterfeitbank.com\/index.php\/wp-json\/wp\/v2\/comments?post=5739"}],"wp:featuredmedia":[{"embeddable":true,"href":"https:\/\/counterfeitbank.com\/index.php\/wp-json\/wp\/v2\/media\/5569"}],"wp:attachment":[{"href":"https:\/\/counterfeitbank.com\/index.php\/wp-json\/wp\/v2\/media?parent=5739"}],"wp:term":[{"taxonomy":"product_brand","embeddable":true,"href":"https:\/\/counterfeitbank.com\/index.php\/wp-json\/wp\/v2\/product_brand?post=5739"},{"taxonomy":"product_cat","embeddable":true,"href":"https:\/\/counterfeitbank.com\/index.php\/wp-json\/wp\/v2\/product_cat?post=5739"},{"taxonomy":"product_tag","embeddable":true,"href":"https:\/\/counterfeitbank.com\/index.php\/wp-json\/wp\/v2\/product_tag?post=5739"}],"curies":[{"name":"wp","href":"https:\/\/api.w.org\/{rel}","templated":true}]}}