{"id":5738,"date":"2023-12-19T13:05:20","date_gmt":"2023-12-19T12:05:20","guid":{"rendered":"https:\/\/counterfeitbank.com\/?post_type=product&#038;p=5738"},"modified":"2023-12-20T14:15:07","modified_gmt":"2023-12-20T13:15:07","slug":"solution-chimique-ssd","status":"publish","type":"product","link":"https:\/\/counterfeitbank.com\/index.php\/produit\/solution-chimique-ssd\/","title":{"rendered":"Solution chimique SSD"},"content":{"rendered":"<h2><span>Description<\/span><\/h2>\n<h2><span>Acheter la solution chimique SSD<\/span><\/h2>\n<p><span>Le laboratoire Liberty SSD est un laboratoire professionnel form\u00e9 pour changer l&rsquo;apparence des monnaies noires et tach\u00e9es. Nous nettoyons toutes les couleurs des monnaies d\u00e9grad\u00e9es. Nos solutions automatiques universelles SSD sont \u00e9galement utilis\u00e9es pour nettoyer les billets de banque tach\u00e9s avec une qualit\u00e9 anti-brise, les billets comme les dollars, les euros, les livres sterling et d&rsquo;autres devises. Nos services incluent le nettoyage des notes vierges dans notre laboratoire Liberty SSD. Achetez des produits chimiques SSD \u00e0 bas prix dans notre boutique en ligne car nous sommes un fournisseur direct de toutes sortes de solutions qui incluent des solutions SSD, des solutions automatiques. Notre laboratoire est constitu\u00e9 de professionnels et d&rsquo;exp\u00e9rience dans le nettoyage de toutes les couleurs des monnaies d\u00e9grad\u00e9es.<\/span><\/p>\n<p><span>Au Liberty SSD Laboratory, nous produisions une gamme de produits chimiques, de poudres utilis\u00e9es pour nettoyer tous les types de billets de banque et disposions \u00e9galement d&rsquo;une machine de nettoyage laser CLS pour traiter les pires cas de billets de banque. Notre produit varie de l&rsquo;activation humaine, de la solution SSD, de la super solution SSD, de la solution super automatique SSD, de la solution SSD PM K58, de la solution universelle SSD, de la solution principale SSD, de la solution SSD D2 Fuse, de la solution SSD virus termi.<\/span><\/p>\n<h2><strong><span>Achetez une solution chimique SSD pour de l&rsquo;argent noir propre<\/span><\/strong><\/h2>\n<p><span>Les propri\u00e9t\u00e9s des solutions SSD donnent des r\u00e9sultats extraordinaires dans les lieux de cr\u00e9mation. Par cons\u00e9quent, il a obtenu une\u00a0<\/span><strong><span>fausse solution SSD<\/span><\/strong><span>\u00a0\u00e0 acqu\u00e9rir. Ce n\u2019est pas accessible partout. Nous nous demandons : o\u00f9 pouvez-vous trouver une telle solution en ligne qui donne un nouveau look \u00e0 vos anciennes notes ? Eh bien, vous avez atterri au bon endroit. Vous \u00eates arriv\u00e9 \u00e0 l\u2019endroit id\u00e9al pour \u00e9couter Busy Counterfeit Doc. Nous appr\u00e9cions et respectons les souhaits de nos clients.<\/span><\/p>\n<p><span>Si vous essayez d&rsquo;obtenir une solution d&rsquo;une qualit\u00e9 in\u00e9gal\u00e9e, nous vous la donnons pour ainsi dire. La solution SSD est blanche. C&rsquo;est le r\u00e9sultat n\u00e9cessaire de l&rsquo;arrangement de d\u00e9tachage des re\u00e7us garantis. Il est compos\u00e9 de trois compos\u00e9s : chlorure de sodium, acide sulfurique et cendres sulfat\u00e9es dans les bonnes proportions. La solution SSD est un produit chimique utilis\u00e9 pour nettoyer les notes et contourner la s\u00e9curit\u00e9. Il s&rsquo;agit d&rsquo;une\u00a0<\/span><a href=\"https:\/\/counterfeitmoneyshop.com\/\"><strong><span>solution chimique SSD<\/span><\/strong><\/a><span>, qui \u00e9limine la tache comme n&rsquo;importe quel autre produit synth\u00e9tique accessible. Il n\u2019est pas prudent de l\u2019utiliser sans gestion. Nous sommes le principal fabricant de cette solution. Notre qualit\u00e9 et notre quantit\u00e9 sont excellentes, comme le disent nos clients. En tant que producteur, nous devons transmettre l&rsquo;article qui laisse une empreinte sur le march\u00e9 pour d\u00e9velopper notre cr\u00e9ativit\u00e9 et nos offres. En tant que cr\u00e9ateur de solutions d&rsquo;initiation, nous la livrons pour construire son omnipr\u00e9sence \u00e0 travers notre nom.<\/span><\/p>\n<p><span>Une petite proportion de ce\u00a0produit chimique SSD\u00a0pour un nombre respectable de notes. Il serait totalement faux d\u2019affirmer que cette solution est pratique. Il poss\u00e8de des propri\u00e9t\u00e9s compatissantes, qui constituent son facteur d&rsquo;intelligibilit\u00e9. La r\u00e9ponse est utilis\u00e9e de mani\u00e8re exhaustive, tout \u00e9tant pris en compte dans de nombreuses sollicitations. Nous essayons \u00e9galement de vous le livrer le plus rapidement et le plus t\u00f4t possible car nous pouvons comprendre l&rsquo;urgence des choses \u00e0 traiter.<\/span><\/p>\n","protected":false},"excerpt":{"rendered":"<p><a href=\"https:\/\/counterfeitbank.com\/index.php\/contact-2\/\" class=\"button\">Contacter le vendeur<\/a><\/p>\n","protected":false},"featured_media":5628,"comment_status":"open","ping_status":"closed","template":"","meta":{"site-sidebar-layout":"default","site-content-layout":"","ast-site-content-layout":"default","site-content-style":"default","site-sidebar-style":"default","ast-global-header-display":"","ast-banner-title-visibility":"","ast-main-header-display":"","ast-hfb-above-header-display":"","ast-hfb-below-header-display":"","ast-hfb-mobile-header-display":"","site-post-title":"","ast-breadcrumbs-content":"","ast-featured-img":"","footer-sml-layout":"","theme-transparent-header-meta":"default","adv-header-id-meta":"","stick-header-meta":"","header-above-stick-meta":"","header-main-stick-meta":"","header-below-stick-meta":"","astra-migrate-meta-layouts":"set","ast-page-background-enabled":"default","ast-page-background-meta":{"desktop":{"background-color":"","background-image":"","background-repeat":"repeat","background-position":"center center","background-size":"auto","background-attachment":"scroll","background-type":"","background-media":"","overlay-type":"","overlay-color":"","overlay-gradient":""},"tablet":{"background-color":"","background-image":"","background-repeat":"repeat","background-position":"center center","background-size":"auto","background-attachment":"scroll","background-type":"","background-media":"","overlay-type":"","overlay-color":"","overlay-gradient":""},"mobile":{"background-color":"","background-image":"","background-repeat":"repeat","background-position":"center center","background-size":"auto","background-attachment":"scroll","background-type":"","background-media":"","overlay-type":"","overlay-color":"","overlay-gradient":""}},"ast-content-background-meta":{"desktop":{"background-color":"var(--ast-global-color-5)","background-image":"","background-repeat":"repeat","background-position":"center center","background-size":"auto","background-attachment":"scroll","background-type":"","background-media":"","overlay-type":"","overlay-color":"","overlay-gradient":""},"tablet":{"background-color":"var(--ast-global-color-5)","background-image":"","background-repeat":"repeat","background-position":"center center","background-size":"auto","background-attachment":"scroll","background-type":"","background-media":"","overlay-type":"","overlay-color":"","overlay-gradient":""},"mobile":{"background-color":"var(--ast-global-color-5)","background-image":"","background-repeat":"repeat","background-position":"center center","background-size":"auto","background-attachment":"scroll","background-type":"","background-media":"","overlay-type":"","overlay-color":"","overlay-gradient":""}},"_joinchat":[]},"product_brand":[],"product_cat":[65,49],"product_tag":[],"class_list":{"0":"post-5738","1":"product","2":"type-product","3":"status-publish","4":"has-post-thumbnail","6":"product_cat-a-vendre","7":"product_cat-produits-chimique","8":"desktop-align-center","9":"tablet-align-center","10":"mobile-align-center","12":"first","13":"instock","14":"shipping-taxable","15":"product-type-simple"},"_links":{"self":[{"href":"https:\/\/counterfeitbank.com\/index.php\/wp-json\/wp\/v2\/product\/5738","targetHints":{"allow":["GET"]}}],"collection":[{"href":"https:\/\/counterfeitbank.com\/index.php\/wp-json\/wp\/v2\/product"}],"about":[{"href":"https:\/\/counterfeitbank.com\/index.php\/wp-json\/wp\/v2\/types\/product"}],"replies":[{"embeddable":true,"href":"https:\/\/counterfeitbank.com\/index.php\/wp-json\/wp\/v2\/comments?post=5738"}],"wp:featuredmedia":[{"embeddable":true,"href":"https:\/\/counterfeitbank.com\/index.php\/wp-json\/wp\/v2\/media\/5628"}],"wp:attachment":[{"href":"https:\/\/counterfeitbank.com\/index.php\/wp-json\/wp\/v2\/media?parent=5738"}],"wp:term":[{"taxonomy":"product_brand","embeddable":true,"href":"https:\/\/counterfeitbank.com\/index.php\/wp-json\/wp\/v2\/product_brand?post=5738"},{"taxonomy":"product_cat","embeddable":true,"href":"https:\/\/counterfeitbank.com\/index.php\/wp-json\/wp\/v2\/product_cat?post=5738"},{"taxonomy":"product_tag","embeddable":true,"href":"https:\/\/counterfeitbank.com\/index.php\/wp-json\/wp\/v2\/product_tag?post=5738"}],"curies":[{"name":"wp","href":"https:\/\/api.w.org\/{rel}","templated":true}]}}