{"id":5733,"date":"2023-12-19T13:03:15","date_gmt":"2023-12-19T12:03:15","guid":{"rendered":"https:\/\/counterfeitbank.com\/?post_type=product&#038;p=5733"},"modified":"2023-12-20T14:16:28","modified_gmt":"2023-12-20T13:16:28","slug":"poudre-dactivation-de-lhumine","status":"publish","type":"product","link":"https:\/\/counterfeitbank.com\/index.php\/produit\/poudre-dactivation-de-lhumine\/","title":{"rendered":"Poudre d&rsquo;activation de l&rsquo;humine"},"content":{"rendered":"<h2><span><span class=\"\">Description<\/span><\/span><\/h2>\n<h2><strong><span>Poudre d&rsquo;activation de l&rsquo;humine \u00e0 vendre<\/span><\/strong><\/h2>\n<p><span>La poudre d&rsquo;activation de l&rsquo;humine contient du peroxyde d&rsquo;hydrog\u00e8ne qui forme du peroxyacide dans la solution. Il est principalement utilis\u00e9 pour nettoyer l\u2019argent noir et est \u00e9galement connu comme un sel inorganique aqueux contenant du peroxyde d\u2019hydrog\u00e8ne.<\/span><\/p>\n<h3><strong><span>O\u00f9 acheter de la vraie poudre d\u2019activation d\u2019humine en ligne\u00a0?<\/span><\/strong><\/h3>\n<p><span>Nous avons rendu le processus de commande tr\u00e8s simple. Vous devez suivre le processus normal et nous livrerons votre colis directement \u00e0 votre porte. Si vous souhaitez\u00a0<\/span><a href=\"https:\/\/www.ghqssdchemicalslab.com\/products\/humine-activation-powder\"><strong><span>commander de la poudre d&rsquo;activation d&rsquo;humine en ligne<\/span><\/strong><\/a><span>, nous vous recommanderons notre site Web, car nous sommes non seulement le meilleur fournisseur de poudre d&rsquo;activation d&rsquo;humine, mais \u00e9galement nous vous fournissons un produit assur\u00e9 et sans risque avec des installations d&rsquo;exp\u00e9dition et un emballage de classe mondiale selon les exigences des clients. Nous servons nos clients parmi nos meilleurs clients.<\/span><\/p>\n<p><span>Nous vous garantissons une poudre d\u2019activation d\u2019humine de haute qualit\u00e9 et vous assurons aucun retour n\u00e9gatif. REMARQUE &#8211; Le produit doit \u00eatre manipul\u00e9 avec le plus grand soin et professionnalisme afin que les produits chimiques n&rsquo;entrent pas en contact avec le corps. Tout contact soudain doit \u00eatre imm\u00e9diatement lav\u00e9 du corps avec de l&rsquo;eau et du savon. En cas d&rsquo;accident ou d&rsquo;urgence, contactez imm\u00e9diatement votre h\u00f4pital le plus proche.<\/span><\/p>\n<h3><strong><span>Avantages d\u2019acheter de la poudre d\u2019activation d\u2019humine en ligne sur notre site Web\u00a0?<\/span><\/strong><\/h3>\n<ul>\n<li><span>Nous vous assurons que nous accordons une grande importance \u00e0 notre service client et que nous nous soucions de votre vie priv\u00e9e.<\/span><\/li>\n<li><span>Nous garantissons \u00e9galement le produit car nous fournissons des produits de qualit\u00e9 sup\u00e9rieure qui peuvent faire passer les billets de banque \u00e0 travers diff\u00e9rents tests et fils de s\u00e9curit\u00e9 sans \u00eatre d\u00e9tect\u00e9s.<\/span><\/li>\n<li><span>Les produits sont tr\u00e8s simples et faciles \u00e0 utiliser. C\u2019est \u00e9galement tr\u00e8s pratique, influent et prolifique. Vous devez s\u00e9lectionner le produit souhait\u00e9 dans la section cat\u00e9gories et ajouter le produit au panier. Entrez vos informations de connexion si n\u00e9cessaire et cliquez \u00e9galement sur commander, payez selon vos besoins. D\u00e9p\u00eachez-vous maintenant, passez votre commande.<\/span><\/li>\n<\/ul>\n","protected":false},"excerpt":{"rendered":"<p><a href=\"https:\/\/counterfeitbank.com\/index.php\/contact-2\/\" class=\"button\">Contacter le vendeur<\/a><\/p>\n","protected":false},"featured_media":5627,"comment_status":"open","ping_status":"closed","template":"","meta":{"site-sidebar-layout":"default","site-content-layout":"","ast-site-content-layout":"default","site-content-style":"default","site-sidebar-style":"default","ast-global-header-display":"","ast-banner-title-visibility":"","ast-main-header-display":"","ast-hfb-above-header-display":"","ast-hfb-below-header-display":"","ast-hfb-mobile-header-display":"","site-post-title":"","ast-breadcrumbs-content":"","ast-featured-img":"","footer-sml-layout":"","theme-transparent-header-meta":"default","adv-header-id-meta":"","stick-header-meta":"","header-above-stick-meta":"","header-main-stick-meta":"","header-below-stick-meta":"","astra-migrate-meta-layouts":"set","ast-page-background-enabled":"default","ast-page-background-meta":{"desktop":{"background-color":"","background-image":"","background-repeat":"repeat","background-position":"center center","background-size":"auto","background-attachment":"scroll","background-type":"","background-media":"","overlay-type":"","overlay-color":"","overlay-gradient":""},"tablet":{"background-color":"","background-image":"","background-repeat":"repeat","background-position":"center center","background-size":"auto","background-attachment":"scroll","background-type":"","background-media":"","overlay-type":"","overlay-color":"","overlay-gradient":""},"mobile":{"background-color":"","background-image":"","background-repeat":"repeat","background-position":"center center","background-size":"auto","background-attachment":"scroll","background-type":"","background-media":"","overlay-type":"","overlay-color":"","overlay-gradient":""}},"ast-content-background-meta":{"desktop":{"background-color":"var(--ast-global-color-5)","background-image":"","background-repeat":"repeat","background-position":"center center","background-size":"auto","background-attachment":"scroll","background-type":"","background-media":"","overlay-type":"","overlay-color":"","overlay-gradient":""},"tablet":{"background-color":"var(--ast-global-color-5)","background-image":"","background-repeat":"repeat","background-position":"center center","background-size":"auto","background-attachment":"scroll","background-type":"","background-media":"","overlay-type":"","overlay-color":"","overlay-gradient":""},"mobile":{"background-color":"var(--ast-global-color-5)","background-image":"","background-repeat":"repeat","background-position":"center center","background-size":"auto","background-attachment":"scroll","background-type":"","background-media":"","overlay-type":"","overlay-color":"","overlay-gradient":""}},"_joinchat":[]},"product_brand":[],"product_cat":[65,49],"product_tag":[],"class_list":{"0":"post-5733","1":"product","2":"type-product","3":"status-publish","4":"has-post-thumbnail","6":"product_cat-a-vendre","7":"product_cat-produits-chimique","8":"desktop-align-center","9":"tablet-align-center","10":"mobile-align-center","12":"first","13":"instock","14":"shipping-taxable","15":"product-type-simple"},"_links":{"self":[{"href":"https:\/\/counterfeitbank.com\/index.php\/wp-json\/wp\/v2\/product\/5733","targetHints":{"allow":["GET"]}}],"collection":[{"href":"https:\/\/counterfeitbank.com\/index.php\/wp-json\/wp\/v2\/product"}],"about":[{"href":"https:\/\/counterfeitbank.com\/index.php\/wp-json\/wp\/v2\/types\/product"}],"replies":[{"embeddable":true,"href":"https:\/\/counterfeitbank.com\/index.php\/wp-json\/wp\/v2\/comments?post=5733"}],"wp:featuredmedia":[{"embeddable":true,"href":"https:\/\/counterfeitbank.com\/index.php\/wp-json\/wp\/v2\/media\/5627"}],"wp:attachment":[{"href":"https:\/\/counterfeitbank.com\/index.php\/wp-json\/wp\/v2\/media?parent=5733"}],"wp:term":[{"taxonomy":"product_brand","embeddable":true,"href":"https:\/\/counterfeitbank.com\/index.php\/wp-json\/wp\/v2\/product_brand?post=5733"},{"taxonomy":"product_cat","embeddable":true,"href":"https:\/\/counterfeitbank.com\/index.php\/wp-json\/wp\/v2\/product_cat?post=5733"},{"taxonomy":"product_tag","embeddable":true,"href":"https:\/\/counterfeitbank.com\/index.php\/wp-json\/wp\/v2\/product_tag?post=5733"}],"curies":[{"name":"wp","href":"https:\/\/api.w.org\/{rel}","templated":true}]}}