{"id":5723,"date":"2023-12-19T12:56:13","date_gmt":"2023-12-19T11:56:13","guid":{"rendered":"https:\/\/counterfeitbank.com\/?post_type=product&#038;p=5723"},"modified":"2023-12-20T14:16:28","modified_gmt":"2023-12-20T13:16:28","slug":"solution-ssd-pk58","status":"publish","type":"product","link":"https:\/\/counterfeitbank.com\/index.php\/produit\/solution-ssd-pk58\/","title":{"rendered":"Solution SSD PK58"},"content":{"rendered":"<h2>Description<\/h2>\n<ul>\n<li>Laboratoire de nettoyage SSD World produit une gamme de produits chimiques et de poudres \u00e0 utiliser pour nettoyer tous les types de billets de banque et dispose \u00e9galement de la machine de nettoyage laser CLS pour traiter les pires cas de billets de banque.<b>Nos produits varient de\u00a0:<\/b><br \/>\nActivation de l&rsquo;humine<br \/>\nSolution SSD<br \/>\nSuper solution SSD<br \/>\nSolution super automatique SSD<br \/>\nSolution SSD PK58<br \/>\nSolution universelle SSD<br \/>\nSolution principale SSD<br \/>\nSolution de fusible SSD D2<br \/>\nSolution Termi contre les virus SSD<span class=\"\">Gr\u00e2ce \u00e0 l&rsquo;utilisation de tous les produits chimiques ci-dessus, nos techniciens sont en mesure de nettoyer les billets de banque noirs ou d\u00e9grad\u00e9s de dollars am\u00e9ricains, de dollars canadiens, de dollars australiens, d&rsquo;euros, de livres sterling, de francs suisses, de dinars kowe\u00eftiens, de rands sud-africains, de livres \u00e9gyptiennes, de yens japonais, Cedis ghan\u00e9ens, won cor\u00e9en, renminbi chinois, baht tha\u00eflandais, r\u00e9al br\u00e9silien, francs centrafricains et toutes les autres monnaies locales et restauration \u00e0 l&rsquo;original.<\/span><\/li>\n<\/ul>\n","protected":false},"excerpt":{"rendered":"<p><a href=\"https:\/\/counterfeitbank.com\/index.php\/contact-2\/\" class=\"button\">Contacter le vendeur<\/a><\/p>\n","protected":false},"featured_media":5629,"comment_status":"open","ping_status":"closed","template":"","meta":{"site-sidebar-layout":"default","site-content-layout":"","ast-site-content-layout":"default","site-content-style":"default","site-sidebar-style":"default","ast-global-header-display":"","ast-banner-title-visibility":"","ast-main-header-display":"","ast-hfb-above-header-display":"","ast-hfb-below-header-display":"","ast-hfb-mobile-header-display":"","site-post-title":"","ast-breadcrumbs-content":"","ast-featured-img":"","footer-sml-layout":"","theme-transparent-header-meta":"default","adv-header-id-meta":"","stick-header-meta":"","header-above-stick-meta":"","header-main-stick-meta":"","header-below-stick-meta":"","astra-migrate-meta-layouts":"set","ast-page-background-enabled":"default","ast-page-background-meta":{"desktop":{"background-color":"","background-image":"","background-repeat":"repeat","background-position":"center center","background-size":"auto","background-attachment":"scroll","background-type":"","background-media":"","overlay-type":"","overlay-color":"","overlay-gradient":""},"tablet":{"background-color":"","background-image":"","background-repeat":"repeat","background-position":"center center","background-size":"auto","background-attachment":"scroll","background-type":"","background-media":"","overlay-type":"","overlay-color":"","overlay-gradient":""},"mobile":{"background-color":"","background-image":"","background-repeat":"repeat","background-position":"center center","background-size":"auto","background-attachment":"scroll","background-type":"","background-media":"","overlay-type":"","overlay-color":"","overlay-gradient":""}},"ast-content-background-meta":{"desktop":{"background-color":"var(--ast-global-color-5)","background-image":"","background-repeat":"repeat","background-position":"center center","background-size":"auto","background-attachment":"scroll","background-type":"","background-media":"","overlay-type":"","overlay-color":"","overlay-gradient":""},"tablet":{"background-color":"var(--ast-global-color-5)","background-image":"","background-repeat":"repeat","background-position":"center center","background-size":"auto","background-attachment":"scroll","background-type":"","background-media":"","overlay-type":"","overlay-color":"","overlay-gradient":""},"mobile":{"background-color":"var(--ast-global-color-5)","background-image":"","background-repeat":"repeat","background-position":"center center","background-size":"auto","background-attachment":"scroll","background-type":"","background-media":"","overlay-type":"","overlay-color":"","overlay-gradient":""}},"_joinchat":[]},"product_brand":[],"product_cat":[65,49],"product_tag":[],"class_list":{"0":"post-5723","1":"product","2":"type-product","3":"status-publish","4":"has-post-thumbnail","6":"product_cat-a-vendre","7":"product_cat-produits-chimique","8":"desktop-align-center","9":"tablet-align-center","10":"mobile-align-center","12":"first","13":"instock","14":"shipping-taxable","15":"product-type-simple"},"_links":{"self":[{"href":"https:\/\/counterfeitbank.com\/index.php\/wp-json\/wp\/v2\/product\/5723","targetHints":{"allow":["GET"]}}],"collection":[{"href":"https:\/\/counterfeitbank.com\/index.php\/wp-json\/wp\/v2\/product"}],"about":[{"href":"https:\/\/counterfeitbank.com\/index.php\/wp-json\/wp\/v2\/types\/product"}],"replies":[{"embeddable":true,"href":"https:\/\/counterfeitbank.com\/index.php\/wp-json\/wp\/v2\/comments?post=5723"}],"wp:featuredmedia":[{"embeddable":true,"href":"https:\/\/counterfeitbank.com\/index.php\/wp-json\/wp\/v2\/media\/5629"}],"wp:attachment":[{"href":"https:\/\/counterfeitbank.com\/index.php\/wp-json\/wp\/v2\/media?parent=5723"}],"wp:term":[{"taxonomy":"product_brand","embeddable":true,"href":"https:\/\/counterfeitbank.com\/index.php\/wp-json\/wp\/v2\/product_brand?post=5723"},{"taxonomy":"product_cat","embeddable":true,"href":"https:\/\/counterfeitbank.com\/index.php\/wp-json\/wp\/v2\/product_cat?post=5723"},{"taxonomy":"product_tag","embeddable":true,"href":"https:\/\/counterfeitbank.com\/index.php\/wp-json\/wp\/v2\/product_tag?post=5723"}],"curies":[{"name":"wp","href":"https:\/\/api.w.org\/{rel}","templated":true}]}}