{"id":5696,"date":"2023-12-17T23:47:03","date_gmt":"2023-12-17T22:47:03","guid":{"rendered":"https:\/\/counterfeitbank.com\/?post_type=product&#038;p=5696"},"modified":"2023-12-20T14:17:34","modified_gmt":"2023-12-20T13:17:34","slug":"acheter-du-faux-riyal-saoudien-en-ligne","status":"publish","type":"product","link":"https:\/\/counterfeitbank.com\/index.php\/produit\/acheter-du-faux-riyal-saoudien-en-ligne\/","title":{"rendered":"Acheter du faux riyal saoudien en ligne"},"content":{"rendered":"<h1 class=\"woocommerce-products-header__title page-title\"><span><span class=\"\">Acheter du faux riyal saoudien en ligne<\/span><\/span><\/h1>\n<div class=\"term-description\">\n<p><span>Achetez du faux riyal saoudien en ligne. Le faux\u00a0<\/span><a href=\"https:\/\/counterfeitmoneyshop.com\/product\/buy-sr10-online\/\"><span>riyal saoudien<\/span><\/a><span>\u00a0est identique \u00e0 l&rsquo;original. Il ne peut pas \u00eatre d\u00e9tect\u00e9 comme faux. Passez votre commande maintenant. Nous produisons et vendons de la fausse monnaie ind\u00e9tectable de qualit\u00e9 partout dans le monde. Nous imprimons des billets anti-contrefa\u00e7on pour toutes les devises. Voici votre chance de devenir millionnaire.<\/span><\/p>\n<h1><span>Acheter du RIYAL D&rsquo;ARABIE SAOUDITE contrefait en ligne<\/span><\/h1>\n<p><span>Vous cherchez O\u00f9 acheter de la fausse monnaie en Arabie Saoudite ? Voulez-vous acheter de la fausse monnaie qui semble r\u00e9elle, \u00e0 des prix avantageux et de la plus haute qualit\u00e9\u00a0? Voici votre chance de devenir riche et de vivre une vie heureuse \u00ab Achetez du Riyal contrefait 100 % ind\u00e9tectable \u00bb. Nous sommes des techniciens informatiques professionnels et nous produisons de la fausse monnaie non d\u00e9tect\u00e9e pour de nombreux pays. Nos billets sont produits industriellement et professionnellement et si jamais vous achetez du riyal saoudien contrefait en ligne chez nous, vous \u00eates assur\u00e9 d&rsquo;obtenir des billets de la meilleure qualit\u00e9.<\/span><\/p>\n<p><span>Nous utilisons des \u00e9l\u00e9ments en papier aluminium de qualit\u00e9 20 % cellulose et 80 % coton.<\/span><\/p>\n<p><span>Nos factures sont dot\u00e9es de\u00a0<\/span><a href=\"https:\/\/www.google.com\/search?q=infrared+detection&amp;oq=Infrared+Detection&amp;aqs=chrome.0.0i512l6j0i22i30l4.734j0j7&amp;sourceid=chrome&amp;ie=UTF-8\"><span>D\u00e9tection infrarouge<\/span><\/a><span>\u00a0qui permet \u00e0 nos factures de contourner les machines UV, le test du stylet et m\u00eame la d\u00e9tection oculaire par des experts en contrefa\u00e7on.&lt; \/span&gt;<\/span><\/p>\n<p><span>Qualit\u00e9 des fausses notes.<\/span><\/p>\n<p><span>Nos notes sont de qualit\u00e9 A+<\/span><\/p>\n<p><span>Achetez du Riyal contrefait en ligne qui semble r\u00e9el.<\/span><\/p>\n<p><span>O\u00f9 puis-je acheter de faux riyals saoudiens en ligne\u00a0?<\/span><\/p>\n<p><span>Exp\u00e9dition dans le monde entier. Contactez-nous maintenant.<\/span><\/p>\n<p><span>Caract\u00e9ristiques de s\u00e9curit\u00e9 de notre contrefa\u00e7on Riyal<\/span><\/p>\n<p><span>Ces fonctionnalit\u00e9s rendent nos factures 100\u00a0% non d\u00e9tect\u00e9es, 100\u00a0% s\u00fbres et s\u00e9curis\u00e9es \u00e0 utiliser dans l&rsquo;un de ces domaines\u00a0:<\/span><\/p>\n<p><strong><span>CASINO, ATM, CHANGEURS D&rsquo;ARGENT, MAGASINS, STATIONS-SERVICE.<\/span><\/strong><\/p>\n<p><span>Hologrammes et bandes holographiques, micro-lettrage, encre et fil m\u00e9talliques, filigranes, d\u00e9tection IR, fonctionnalit\u00e9s ultraviolettes, fonctionnalit\u00e9s transparentes, diff\u00e9rents num\u00e9ros de s\u00e9rie.<\/span><\/p>\n<p><span>Renforcez la confiance en vous lorsque vous passez votre commande pour un avenir meilleur, merci. O\u00f9 acheter de la fausse monnaie qui semble r\u00e9elle en ligne \u2013 Achetez du faux riyal d\u2019Arabie Saoudite en ligne sans risque.<\/span><\/p>\n<p><strong><span>Achetez du riyal saoudien contrefait 100 % ind\u00e9tectable en ligne<\/span><\/strong><\/p>\n<p><strong><span>REMARQUE.<\/span><\/strong><span>\u00a0Nous proposons en ligne des billets contrefaits non d\u00e9tect\u00e9s de haute qualit\u00e9 suivants. O\u00f9 acheter des billets contrefaits en ligne.<\/span><\/p>\n<ul>\n<li><span>livres sterling<\/span><\/li>\n<li><span>Riyal saoudien<\/span><\/li>\n<li><span>dollars australiens<\/span><\/li>\n<li><span>EUR Dirham<\/span><\/li>\n<li><span>Dollars am\u00e9ricains<\/span><\/li>\n<li><span>dollars canadiens<\/span><\/li>\n<li><span>Kowe\u00eft Dinah<\/span><\/li>\n<li><span>Dollar de Singapour<\/span><\/li>\n<li><span>Billets en euros<\/span><\/li>\n<li><span>Pesos mexicains<\/span><\/li>\n<\/ul>\n<p><span>O\u00f9 puis-je facilement acheter du faux riyal d&rsquo;Arabie Saoudite en ligne de mani\u00e8re anonyme ?<\/span><\/p>\n<h2><span>Acheter du faux riyal saoudien en ligne<\/span><\/h2>\n<p><span>De plus, exp\u00e9diant dans le monde entier, nous proposons des livraisons nationales et internationales dans une grande vari\u00e9t\u00e9 de devises. Toutes nos livraisons sont fiables, rapides et discr\u00e8tes. Enfin, nous proposons un triple emballage sous vide et furtif sur toutes les commandes. La livraison prend g\u00e9n\u00e9ralement jusqu&rsquo;\u00e0 3 \u00e0 5 jours hors des \u00c9tats-Unis et pendant la nuit aux \u00c9tats-Unis. Achetez de la fausse monnaie en ligne chez nous maintenant avant que nous ne soyons en rupture de stock. Achetez d\u00e8s aujourd&rsquo;hui de faux billets en euros en ligne dans le monde entier et faites-les exp\u00e9dier \u00e0 votre adresse de mani\u00e8re anonyme.<\/span><\/p>\n<h2><span>Acheter du faux riyal saoudien en ligne<\/span><\/h2>\n<p><span>De plus, l\u2019argent accessoire le plus r\u00e9aliste ? Cependant, notre r\u00e9glementation est simple et claire, nous sommes donc 100\u00a0% l\u00e9gitimes et nous sommes pr\u00eats \u00e0 100\u00a0% \u00e0 vous offrir, o\u00f9 que vous soyez. De plus, nous le faisons rapidement et veillons \u00e0 ce que vous le receviez \u00e0 temps. Beaucoup de gens ne sont pas en mesure d&rsquo;obtenir une monnaie de premi\u00e8re qualit\u00e9 qui ne les choquera pas \u00e0 la banque ou dans un magasin, mais nous avons arr\u00eat\u00e9 notre activit\u00e9 pendant plus de 6 mois pour faire plus de recherches sur les dollars, la livre sterling, les euros et d&rsquo;autres devises et aujourd&rsquo;hui. De plus, nous sommes de retour pour vous offrir la meilleure qualit\u00e9.<\/span><\/p>\n<p><span>Nous sommes l\u00e9gitimes et nous tenons parole d&rsquo;entretenir une longue relation commerciale solide avec nos clients. Notre entreprise a connu un tel succ\u00e8s parce que nous travaillons dans la v\u00e9rit\u00e9 et seule la v\u00e9rit\u00e9 m\u00e8ne au succ\u00e8s. N&rsquo;ayez pas peur de travailler avec nous, vous obtenez toutes les garanties et prouvez que vous devez \u00eatre s\u00fbr de nos services. Achetez de la fausse monnaie en ligne ou de la fausse monnaie qui semble r\u00e9elle.<\/span><\/p>\n<\/div>\n","protected":false},"excerpt":{"rendered":"<p><a href=\"https:\/\/counterfeitbank.com\/index.php\/contact-2\/\" class=\"button\">Contacter le vendeur<\/a><\/p>\n","protected":false},"featured_media":5598,"comment_status":"open","ping_status":"closed","template":"","meta":{"site-sidebar-layout":"default","site-content-layout":"","ast-site-content-layout":"default","site-content-style":"default","site-sidebar-style":"default","ast-global-header-display":"","ast-banner-title-visibility":"","ast-main-header-display":"","ast-hfb-above-header-display":"","ast-hfb-below-header-display":"","ast-hfb-mobile-header-display":"","site-post-title":"","ast-breadcrumbs-content":"","ast-featured-img":"","footer-sml-layout":"","theme-transparent-header-meta":"default","adv-header-id-meta":"","stick-header-meta":"","header-above-stick-meta":"","header-main-stick-meta":"","header-below-stick-meta":"","astra-migrate-meta-layouts":"set","ast-page-background-enabled":"default","ast-page-background-meta":{"desktop":{"background-color":"","background-image":"","background-repeat":"repeat","background-position":"center center","background-size":"auto","background-attachment":"scroll","background-type":"","background-media":"","overlay-type":"","overlay-color":"","overlay-gradient":""},"tablet":{"background-color":"","background-image":"","background-repeat":"repeat","background-position":"center center","background-size":"auto","background-attachment":"scroll","background-type":"","background-media":"","overlay-type":"","overlay-color":"","overlay-gradient":""},"mobile":{"background-color":"","background-image":"","background-repeat":"repeat","background-position":"center center","background-size":"auto","background-attachment":"scroll","background-type":"","background-media":"","overlay-type":"","overlay-color":"","overlay-gradient":""}},"ast-content-background-meta":{"desktop":{"background-color":"var(--ast-global-color-5)","background-image":"","background-repeat":"repeat","background-position":"center center","background-size":"auto","background-attachment":"scroll","background-type":"","background-media":"","overlay-type":"","overlay-color":"","overlay-gradient":""},"tablet":{"background-color":"var(--ast-global-color-5)","background-image":"","background-repeat":"repeat","background-position":"center center","background-size":"auto","background-attachment":"scroll","background-type":"","background-media":"","overlay-type":"","overlay-color":"","overlay-gradient":""},"mobile":{"background-color":"var(--ast-global-color-5)","background-image":"","background-repeat":"repeat","background-position":"center center","background-size":"auto","background-attachment":"scroll","background-type":"","background-media":"","overlay-type":"","overlay-color":"","overlay-gradient":""}},"_joinchat":[]},"product_brand":[],"product_cat":[63,60],"product_tag":[],"class_list":{"0":"post-5696","1":"product","2":"type-product","3":"status-publish","4":"has-post-thumbnail","6":"product_cat-ligne3","7":"product_cat-riyal-saoudien","8":"desktop-align-center","9":"tablet-align-center","10":"mobile-align-center","12":"first","13":"instock","14":"shipping-taxable","15":"product-type-simple"},"_links":{"self":[{"href":"https:\/\/counterfeitbank.com\/index.php\/wp-json\/wp\/v2\/product\/5696","targetHints":{"allow":["GET"]}}],"collection":[{"href":"https:\/\/counterfeitbank.com\/index.php\/wp-json\/wp\/v2\/product"}],"about":[{"href":"https:\/\/counterfeitbank.com\/index.php\/wp-json\/wp\/v2\/types\/product"}],"replies":[{"embeddable":true,"href":"https:\/\/counterfeitbank.com\/index.php\/wp-json\/wp\/v2\/comments?post=5696"}],"wp:featuredmedia":[{"embeddable":true,"href":"https:\/\/counterfeitbank.com\/index.php\/wp-json\/wp\/v2\/media\/5598"}],"wp:attachment":[{"href":"https:\/\/counterfeitbank.com\/index.php\/wp-json\/wp\/v2\/media?parent=5696"}],"wp:term":[{"taxonomy":"product_brand","embeddable":true,"href":"https:\/\/counterfeitbank.com\/index.php\/wp-json\/wp\/v2\/product_brand?post=5696"},{"taxonomy":"product_cat","embeddable":true,"href":"https:\/\/counterfeitbank.com\/index.php\/wp-json\/wp\/v2\/product_cat?post=5696"},{"taxonomy":"product_tag","embeddable":true,"href":"https:\/\/counterfeitbank.com\/index.php\/wp-json\/wp\/v2\/product_tag?post=5696"}],"curies":[{"name":"wp","href":"https:\/\/api.w.org\/{rel}","templated":true}]}}