{"id":5694,"date":"2023-12-17T23:41:04","date_gmt":"2023-12-17T22:41:04","guid":{"rendered":"https:\/\/counterfeitbank.com\/?post_type=product&#038;p=5694"},"modified":"2023-12-20T14:21:49","modified_gmt":"2023-12-20T13:21:49","slug":"acheter-du-faux-ringgit-malaisien-en-ligne","status":"publish","type":"product","link":"https:\/\/counterfeitbank.com\/index.php\/produit\/acheter-du-faux-ringgit-malaisien-en-ligne\/","title":{"rendered":"Acheter du faux Ringgit malaisien en ligne"},"content":{"rendered":"<h1 class=\"woocommerce-products-header__title page-title\"><span>Acheter du faux ringgit malaisien en ligne<\/span><\/h1>\n<div class=\"term-description\">\n<p class=\"font_7\"><span>Achetez du faux ringgit malaisien en ligne et faites livrer votre commande \u00e0 votre adresse. L&rsquo;exp\u00e9dition est rapide et 100% discr\u00e8te. Passez votre commande maintenant. Achetez du ringgit malaisien contrefait en ligne. Nous sommes le meilleur et unique producteur de billets de banque en ringgit malaisiens ind\u00e9tectables\u00a0<\/span><a href=\"https:\/\/counterfeitmoneyshop.com\/product\/buy-rm10-online\/\"><strong><span>contrefaits de HAUTE QUALIT\u00c9<\/span><\/strong><\/a><span>. \u00cates-vous un homme d&rsquo;affaires bas\u00e9 en Malaisie mais disposez d&rsquo;un capital limit\u00e9 pour une startup ou de plus d&rsquo;argent pour faire monter en fl\u00e8che votre entreprise\u00a0? Nous, esmolab.com, sommes la solution \u00e0 votre probl\u00e8me. Notre \u00e9quipe de production a am\u00e9lior\u00e9 le ringgit malaisien contrefait avec toutes les fonctionnalit\u00e9s de s\u00e9curit\u00e9.<\/span><\/p>\n<h2><span>Acheter du faux ringgit malaisien en ligne<\/span><\/h2>\n<p class=\"font_7\"><span>Cela signifie que notre\u00a0<\/span><a href=\"https:\/\/counterfeitmoneyshop.com\/product\/buy-rm10-online\/\"><span>contrefa\u00e7on de ringgit malaisien<\/span><\/a><span>\u00a0est\u00a0\u00e0 100\u00a0% ind\u00e9tectable et a exactement le m\u00eame aspect que l&rsquo;original. Nous proposons des fournisseurs en gros de contrefa\u00e7on de ringgit malaisien \u00e0 nos clients du monde entier. Vous pouvez acheter du Ringgit malaisien contrefait de la meilleure qualit\u00e9 aux meilleurs tarifs jamais vus sur notre boutique en ligne. Avec plus d\u2019un milliard de nos contrefa\u00e7ons de ringgit malaisien circulant dans le monde entier. Acheter du ringgit malaisien contrefait en ligne<\/span><\/p>\n<h2 id=\"mcetoc_1dlm5qvod1\"><span>Acheter du faux ringgit malaisien en ligne<\/span><\/h2>\n<p class=\"font_7\"><span>Nous proposons uniquement des devises contrefaites originales de haute qualit\u00e9, du ringgit malaisien. Nous exp\u00e9dions dans le monde entier. Nous imprimons et vendons \u00e9galement des billets de banque de cat\u00e9gorie A dans de nombreuses autres devises dans le monde. Voici votre chance de devenir millionnaire. Notre monnaie est parfaitement reproduite, indiscernable \u00e0 l&rsquo;oeil et au toucher.<\/span><\/p>\n<p class=\"font_7\"><span>Nous envoyons en diff\u00e9rentes tailles, emball\u00e9s et cach\u00e9s. Tous nos billets portent tous les hologrammes et marques d&rsquo;eau et passent le test du d\u00e9tecteur de lumi\u00e8re. Nous livrerons l\u2019argent directement \u00e0 votre domicile sans interf\u00e9rence des douanes. nous avons une \u00e9norme quantit\u00e9 pr\u00eate en stock.<\/span><\/p>\n<h3 id=\"mcetoc_1dlm61von2\"><span>Comment nous exer\u00e7ons nos activit\u00e9s<\/span><\/h3>\n<p><span>\u00cates-vous un acheteur en gros de ringgit malaisien contrefait\u00a0? assurez-vous de nous en informer \u00e0 temps et d&rsquo;obtenir tous les avantages n\u00e9cessaires d&rsquo;un acheteur en gros. Si vous \u00eates un interm\u00e9diaire ou souhaitez investir dans notre entreprise, oui vous avez votre place. Nous veillerons \u00e0 ce que vous receviez une bonne commission sur toutes les transactions que vous nous confiez. Informez-nous \u00e9galement si vous \u00eates un client fid\u00e8le afin que nous puissions vous inscrire sur la liste de nos clients r\u00e9guliers. En tant que client r\u00e9gulier, vous avez certaines priorit\u00e9s qui faciliteront une livraison rapide de votre colis.<\/span><\/p>\n<p><span>De plus, les nouveaux clients recevront une attention particuli\u00e8re tout au long du processus. Nous ne vous vendons pas seulement notre Ringgit malaisien contrefait, mais nous vous guidons \u00e9galement sur la fa\u00e7on d&rsquo;\u00e9changer et d&rsquo;utiliser l&rsquo;argent sans aucun probl\u00e8me.<\/span><\/p>\n<h2 id=\"mcetoc_1dlm6lfig3\"><span>Autres principales devises que nous imprimons<\/span><\/h2>\n<p><span>Nous imprimons les billets de diff\u00e9rents pays, mais nous serons plus \u00e0 l&rsquo;aise en imprimant le dollar am\u00e9ricain, le dollar canadien, le dollar australien, la grande livre sterling et l&rsquo;euro. Le dollar am\u00e9ricain est la monnaie la plus facile \u00e0 contrefaire.<\/span><br \/>\n<span>Les billets sont tous des billets en polym\u00e8res de qualit\u00e9 A parfaitement reproduits avec toutes les fonctionnalit\u00e9s de s\u00e9curit\u00e9 disponibles, donnant l&rsquo;impression d&rsquo;\u00eatre de l&rsquo;argent r\u00e9el au toucher. Ces polym\u00e8res de faux billets peuvent \u00eatre utilis\u00e9s en toute s\u00e9curit\u00e9 dans les supermarch\u00e9s, les casinos, les distributeurs automatiques et les petits et grands magasins. Vous pouvez \u00e9galement utiliser notre fausse monnaie ind\u00e9tectable dans les stations-service et les distributeurs automatiques de billets<\/span><\/p>\n<h3 id=\"mcetoc_1dlm6noub6\"><span>Caract\u00e9ristiques de s\u00e9curit\u00e9 de nos faux billets<\/span><\/h3>\n<p><span>Si vous souhaitez acheter\u00a0<\/span><a href=\"https:\/\/counterfeitmoneyshop.com\/product\/buy-usd-10-bills-online\/\"><span>des billets contrefaits<\/span><\/a><span>\u00a0en ligne, contactez-nous et nous vous r\u00e9pondrons avec notre devis.<\/span><br \/>\n<span>Nos faux billets sont les meilleurs, non d\u00e9tect\u00e9s par les machines des supermarch\u00e9s, des casinos et des magasins.<\/span><br \/>\n<span>Achetez des billets contrefaits en ligne et faites livrer tous les colis dans des emballages discrets et s\u00e9curis\u00e9s pour garantir une livraison rapide et s\u00fbre. Voici votre chance de devenir millionnaire. Notre argent est parfaitement reproduit, indiscernable \u00e0 l&rsquo;oeil et au toucher.<\/span><\/p>\n<p><strong><span>Acheter du ringgit malaisien contrefait en ligne<\/span><\/strong><\/p>\n<p><span>Nous envoyons en diff\u00e9rentes tailles, . Toutes nos notes portent tous les hologrammes et filigranes et passent le test du d\u00e9tecteur de lumi\u00e8re. Nous livrerons l\u2019argent directement \u00e0 votre domicile sans interf\u00e9rence des douanes. Nous gardons l&rsquo;identit\u00e9 de tous nos clients tr\u00e8s secr\u00e8te et nous r\u00e9exp\u00e9dions en cas d&rsquo;\u00e9chec de la livraison<\/span><a href=\"https:\/\/en.wikipedia.org\/wiki\/Counterfeit_money\" target=\"_blank\" rel=\"noopener\"><span>.<\/span><\/a><span>\u00a0Dites-nous simplement exactement ce que vous voulez<\/span><a href=\"https:\/\/en.wikipedia.org\/wiki\/Counterfeit_money\" target=\"_blank\" rel=\"noopener\"><span>,<\/span><\/a><span>\u00a0la quantit\u00e9 et votre emplacement, l&rsquo;une de nos coordonn\u00e9es fournies sur le c\u00f4t\u00e9. Acheter du ringgit malaisien contrefait en ligne<\/span><\/p>\n<p><span>Acheter de la fausse monnaie| Achetez de fausses livres sterling \u00e0 vendre|ACHETER DE FAUSSES MONNAIES EN LIGNE|ACHETER DE FAUX BILLETS DE DOLLAR |Acheter des DINAR DE BAHRE\u00cfN |ACHETER DES BILLETS DE BANQUE CONTREFAITS IND\u00c9TECTABLES |Acheter de faux billets de banque en dollars n\u00e9o-z\u00e9landais ind\u00e9tectables |Acheter des USD contrefaits ind\u00e9tectables |acheter de faux euros| faux DINAR<\/span><br \/>\n<span>acheter de la fausse livre sterling ind\u00e9tectable en ligne | Acheter de faux riyals qatariens|<\/span><\/p>\n<p><span>comment acheter du DINAR en ligne| comment acheter de fausses livres sterling|<\/span><br \/>\n<span>billets de banque ind\u00e9tectables en riyal saoudien|exp\u00e9dition de fausses livres sterling|livre britannique l\u00e9gale \u00e0 vendre<\/span><\/p>\n<p><span><span class=\"\">Achetez du Ringgit malaisien contrefait en ligne, Achetez du Ringgit malaisien contrefait en ligne<\/span><\/span><\/p>\n<\/div>\n","protected":false},"excerpt":{"rendered":"<p><a href=\"https:\/\/counterfeitbank.com\/index.php\/contact-2\/\" class=\"button\">Contacter le vendeur<\/a><\/p>\n","protected":false},"featured_media":5575,"comment_status":"open","ping_status":"closed","template":"","meta":{"site-sidebar-layout":"default","site-content-layout":"","ast-site-content-layout":"default","site-content-style":"default","site-sidebar-style":"default","ast-global-header-display":"","ast-banner-title-visibility":"","ast-main-header-display":"","ast-hfb-above-header-display":"","ast-hfb-below-header-display":"","ast-hfb-mobile-header-display":"","site-post-title":"","ast-breadcrumbs-content":"","ast-featured-img":"","footer-sml-layout":"","theme-transparent-header-meta":"default","adv-header-id-meta":"","stick-header-meta":"","header-above-stick-meta":"","header-main-stick-meta":"","header-below-stick-meta":"","astra-migrate-meta-layouts":"set","ast-page-background-enabled":"default","ast-page-background-meta":{"desktop":{"background-color":"","background-image":"","background-repeat":"repeat","background-position":"center center","background-size":"auto","background-attachment":"scroll","background-type":"","background-media":"","overlay-type":"","overlay-color":"","overlay-gradient":""},"tablet":{"background-color":"","background-image":"","background-repeat":"repeat","background-position":"center center","background-size":"auto","background-attachment":"scroll","background-type":"","background-media":"","overlay-type":"","overlay-color":"","overlay-gradient":""},"mobile":{"background-color":"","background-image":"","background-repeat":"repeat","background-position":"center center","background-size":"auto","background-attachment":"scroll","background-type":"","background-media":"","overlay-type":"","overlay-color":"","overlay-gradient":""}},"ast-content-background-meta":{"desktop":{"background-color":"var(--ast-global-color-5)","background-image":"","background-repeat":"repeat","background-position":"center center","background-size":"auto","background-attachment":"scroll","background-type":"","background-media":"","overlay-type":"","overlay-color":"","overlay-gradient":""},"tablet":{"background-color":"var(--ast-global-color-5)","background-image":"","background-repeat":"repeat","background-position":"center center","background-size":"auto","background-attachment":"scroll","background-type":"","background-media":"","overlay-type":"","overlay-color":"","overlay-gradient":""},"mobile":{"background-color":"var(--ast-global-color-5)","background-image":"","background-repeat":"repeat","background-position":"center center","background-size":"auto","background-attachment":"scroll","background-type":"","background-media":"","overlay-type":"","overlay-color":"","overlay-gradient":""}},"_joinchat":[]},"product_brand":[],"product_cat":[63,58],"product_tag":[],"class_list":{"0":"post-5694","1":"product","2":"type-product","3":"status-publish","4":"has-post-thumbnail","6":"product_cat-ligne3","7":"product_cat-ringgit","8":"desktop-align-center","9":"tablet-align-center","10":"mobile-align-center","12":"first","13":"instock","14":"shipping-taxable","15":"product-type-simple"},"_links":{"self":[{"href":"https:\/\/counterfeitbank.com\/index.php\/wp-json\/wp\/v2\/product\/5694","targetHints":{"allow":["GET"]}}],"collection":[{"href":"https:\/\/counterfeitbank.com\/index.php\/wp-json\/wp\/v2\/product"}],"about":[{"href":"https:\/\/counterfeitbank.com\/index.php\/wp-json\/wp\/v2\/types\/product"}],"replies":[{"embeddable":true,"href":"https:\/\/counterfeitbank.com\/index.php\/wp-json\/wp\/v2\/comments?post=5694"}],"wp:featuredmedia":[{"embeddable":true,"href":"https:\/\/counterfeitbank.com\/index.php\/wp-json\/wp\/v2\/media\/5575"}],"wp:attachment":[{"href":"https:\/\/counterfeitbank.com\/index.php\/wp-json\/wp\/v2\/media?parent=5694"}],"wp:term":[{"taxonomy":"product_brand","embeddable":true,"href":"https:\/\/counterfeitbank.com\/index.php\/wp-json\/wp\/v2\/product_brand?post=5694"},{"taxonomy":"product_cat","embeddable":true,"href":"https:\/\/counterfeitbank.com\/index.php\/wp-json\/wp\/v2\/product_cat?post=5694"},{"taxonomy":"product_tag","embeddable":true,"href":"https:\/\/counterfeitbank.com\/index.php\/wp-json\/wp\/v2\/product_tag?post=5694"}],"curies":[{"name":"wp","href":"https:\/\/api.w.org\/{rel}","templated":true}]}}