{"id":5692,"date":"2023-12-17T23:35:55","date_gmt":"2023-12-17T22:35:55","guid":{"rendered":"https:\/\/counterfeitbank.com\/?post_type=product&#038;p=5692"},"modified":"2023-12-20T14:22:33","modified_gmt":"2023-12-20T13:22:33","slug":"acheter-de-faux-euro-en-ligne","status":"publish","type":"product","link":"https:\/\/counterfeitbank.com\/index.php\/produit\/acheter-de-faux-euro-en-ligne\/","title":{"rendered":"Acheter de faux euro en ligne"},"content":{"rendered":"<h1 class=\"woocommerce-products-header__title page-title\"><span>Acheter de faux euros en ligne<\/span><\/h1>\n<div class=\"term-description\">\n<div class=\"product-short-description\">\n<p data-wpmeteor-mouseover=\"true\" data-wpmeteor-click=\"true\"><span><span class=\"\">Pour commencer, si vous cherchez un endroit pour acheter de la fausse monnaie imprimable\u00a0; Fausse monnaie \u00e0 vendre\u00a0; de la fausse monnaie qui semble r\u00e9elle, de la fausse monnaie \u00e0 vendre, alors vous \u00eates au bon endroit. Chaque ann\u00e9e, des millions de notre fausse monnaie passent par les comptoirs de vente au d\u00e9tail, les banques, les casinos et les distributeurs automatiques de billets. et toute notre monnaie contrefaite ou fausse monnaie n\u2019est pas identifi\u00e9e comme contrefaite.<\/span><\/span><\/p>\n<h2><span>Commandez en ligne de faux billets en euros<\/span><\/h2>\n<p><span>Voulez-vous\u00a0acheter de la fausse monnaie\u00a0qui semble r\u00e9elle, \u00e0 des prix avantageux et de la plus haute qualit\u00e9\u00a0? Voici votre chance de devenir riche et de vivre une vie heureuse \u00ab\u00a0Commandez de faux billets en euros en ligne\u00a0\u00bb. Nous sommes des techniciens informatiques professionnels et nous produisons de la fausse monnaie non d\u00e9tect\u00e9e pour de nombreux pays. Nos notes sont produites industriellement et professionnellement.<\/span><\/p>\n<p><span>Achetez de la fausse monnaie qui semble r\u00e9elle en ligne. Souhaitez-vous commander en ligne de faux billets en euros qui semblent authentiques, \u00e0 des prix avantageux et de la plus haute qualit\u00e9\u00a0?<\/span><\/p>\n<p><span>Voici votre opportunit\u00e9 d\u2019acheter des billets de banque Prop et Replica de qualit\u00e9 A. acheter de faux billets en euros en ligne. Notre argent est parfaitement r\u00e9p\u00e9t\u00e9 avec une garantie de 8 mois, indiscernable \u00e0 l&rsquo;\u0153il et au toucher. Nous imprimons en diff\u00e9rentes tailles, rembourr\u00e9s et recouverts. Nos billets transmettent toutes les images multidimensionnelles, les filigranes et l&rsquo;\u00e9valuation des indicateurs lumineux. Nous transporterons l&rsquo;argent l\u00e9gitimement jusqu&rsquo;\u00e0 votre emplacement sans l&rsquo;imp\u00e9dance des douanes.<\/span><\/p>\n<p><span>nous avons une \u00e9norme quantit\u00e9 pr\u00e9par\u00e9e en stock disponible \u00e0 l\u2019achat. Avec plus d\u2019un milliard de nos articles circulant partout dans le monde, nous proposons des normes mon\u00e9taires CONTREFA\u00c7ONS uniques et de faux rapports. Transport depuis l&rsquo;Ukraine. Demandez en ligne de fausses factures en euros de haute qualit\u00e9. Demandez en ligne des faux billets en euros de haute qualit\u00e9.<\/span><\/p>\n<h2><span>O\u00f9 acheter de faux euros en ligne\u00a0:<\/span><\/h2>\n<p><span>Acheter des billets en euros contrefaits Nous utilisons l&rsquo;innovation la plus r\u00e9cente pour livrer nos billets dans le but qu&rsquo;ils soient 100 % impossibles \u00e0 distinguer des billets authentiques. Cela d\u00e9duit par cons\u00e9quent tous les points forts de s\u00e9curit\u00e9 pr\u00e9sents dans les notes authentiques qui sont disponibles dans les notes que nous r\u00e9alisons. Notre groupe est compos\u00e9 de professionnels de l&rsquo;informatique de qualit\u00e9. Nous proposons de superbes esp\u00e8ces contrefaites qui semblent authentiques.<\/span><\/p>\n<p><span>Ces billets de banque contiennent les \u00e9l\u00e9ments de s\u00e9curit\u00e9 qui les accompagnent et qui leur permettent d&rsquo;\u00eatre certifi\u00e9s et nous permettent d&rsquo;avoir la meilleure contrefa\u00e7on de la plan\u00e8te, \u00e0 la fois en euros, en dollars et en esp\u00e8ces de votre choix. Demandez en ligne des faux billets en euros de haute qualit\u00e9.<\/span><\/p>\n<p><span>Meilleurs faux frais en euros, une meilleure boutique en ligne pour acheter de faux billets en euros en ligne. Contactez-nous aujourd&rsquo;hui pour les meilleurs arrangements. Nous effectuons un regroupement soigneux et transportons tous les paquets 48 heures apr\u00e8s confirmation de la demande et du versement.<\/span><\/p>\n<p><span>N&rsquo;h\u00e9sitez pas \u00e0 nous contacter par email, Whatsapp dans le cas o\u00f9 vous ne rencontrez pas de sp\u00e9cialiste en ligne pour discuter avec vous. Nous nous effor\u00e7ons vaillamment de satisfaire nos clients avec des esp\u00e8ces contrefaites de cat\u00e9gorie A qui \u00e9viteront les tests de stylo, les UV et autres tests de contrefa\u00e7on.<\/span><\/p>\n<h2><span>Acheter des euros contrefaits en ligne\u00a0:<\/span><\/h2>\n<p><span>De plus, l\u2019argent accessoire le plus r\u00e9aliste ? Dans tous les cas, notre ligne directrice est simple et claire, nous sommes donc 100\u00a0% l\u00e9gitimes et nous sommes pr\u00eats \u00e0 100\u00a0% \u00e0 vous offrir, o\u00f9 que vous soyez. De m\u00eame, nous le faisons rapidement et garantissons que vous l&rsquo;obtiendrez exactement dans les d\u00e9lais.<\/span><\/p>\n<p><span>De nombreuses personnes ne sont pas pr\u00eates \u00e0 obtenir de l&rsquo;argent de premi\u00e8re qualit\u00e9 qui ne les \u00e9tourdira pas \u00e0 la banque ou dans un magasin. Cependant, nous avons interrompu nos activit\u00e9s pendant plus de six mois pour poursuivre nos recherches sur les devises du dollar, de la livre sterling et de l&rsquo;euro. aujourd&rsquo;hui.<\/span><\/p>\n<p><span>D&rsquo;autant plus que nous sommes de retour pour vous offrir la meilleure qualit\u00e9. Nous sommes r\u00e9els et nous tenons notre promesse d&rsquo;entretenir une relation commerciale longue et ferme avec nos clients. Notre entreprise a \u00e9t\u00e9 si efficace parce que nous travaillons dans la r\u00e9alit\u00e9 et que la r\u00e9alit\u00e9 incite \u00e0 la r\u00e9ussite. N&rsquo;ayez aucune crainte en travaillant avec nous, vous obtenez toutes les garanties. et d\u00e9montrez que vous devez vous assurer de nos administrations. Achetez de la fausse monnaie en ligne ou de la fausse monnaie qui semble r\u00e9elle.<\/span><\/p>\n<h2><span>Achetez de la fausse monnaie en ligne\u00a0:<\/span><\/h2>\n<p><span>Si vous esp\u00e9rez acheter de faux billets en euros en ligne, vous \u00eates au bon endroit pour acheter de la fausse monnaie en ligne. Achetez de l&rsquo;argent contrefait aupr\u00e8s de fournisseurs authentiques comme nous. Nous sommes des sp\u00e9cialistes experts en informatique et nous proposons de mani\u00e8re flexible l&rsquo;impression compl\u00e8te des esp\u00e8ces recto et verso, les esp\u00e8ces contrefaites disponibles \u00e0 l&rsquo;achat ou les esp\u00e8ces contrefaites pour l&rsquo;offre, toutes choses \u00e9tant \u00e9gales.<\/span><\/p>\n<p><span>Nos notes sont des produits modernes et haut de gamme. Nous utilisons des composants de papier d&rsquo;aluminium de qualit\u00e9, 20 % de cellulose et 80 % de papier de coton. Achetez d\u00e8s maintenant de la fausse monnaie en ligne dans notre boutique. De plus, nos factures sont dot\u00e9es d&rsquo;une reconnaissance infrarouge. Ce qui fait que nos factures \u00e9vitent les machines UV, les tests Pen et m\u00eame les localisations oculaires par des sp\u00e9cialistes de la contrefa\u00e7on.<\/span><\/p>\n<p><span>Notre travail est connu dans le monde entier et nos acheteurs reviennent r\u00e9guli\u00e8rement pour des milliers et des milliers de nos formes mon\u00e9taires. Nos notes sont de qualit\u00e9 sup\u00e9rieure AAA+. Achetez ou achetez de la fausse monnaie en ligne chez nous. En outre, nous vendons et donnons \u00e9galement des services et des arrangements de nettoyage d&rsquo;esp\u00e8ces.<\/span><\/p>\n<p><span>Nous vendons de la fausse monnaie AAA+ SSD Black Money Solution \u00e0 vendre en ligne. Chaque \u00e9l\u00e9ment rend nos factures 100 % non d\u00e9tect\u00e9es, 100 % s\u00fbres et s\u00e9curis\u00e9es \u00e0 utiliser dans l&rsquo;une de ces zones : banques, casinos, guichets automatiques, transformateurs d&rsquo;argent et magasins. . Nous disposons de billets de banque non d\u00e9tect\u00e9s et utilisables.<\/span><\/p>\n<\/div>\n<\/div>\n","protected":false},"excerpt":{"rendered":"<p><a href=\"https:\/\/counterfeitbank.com\/index.php\/contact-2\/\" class=\"button\">Contacter le vendeur<\/a><\/p>\n","protected":false},"featured_media":5605,"comment_status":"open","ping_status":"closed","template":"","meta":{"site-sidebar-layout":"default","site-content-layout":"","ast-site-content-layout":"default","site-content-style":"default","site-sidebar-style":"default","ast-global-header-display":"","ast-banner-title-visibility":"","ast-main-header-display":"","ast-hfb-above-header-display":"","ast-hfb-below-header-display":"","ast-hfb-mobile-header-display":"","site-post-title":"","ast-breadcrumbs-content":"","ast-featured-img":"","footer-sml-layout":"","theme-transparent-header-meta":"default","adv-header-id-meta":"","stick-header-meta":"","header-above-stick-meta":"","header-main-stick-meta":"","header-below-stick-meta":"","astra-migrate-meta-layouts":"set","ast-page-background-enabled":"default","ast-page-background-meta":{"desktop":{"background-color":"","background-image":"","background-repeat":"repeat","background-position":"center center","background-size":"auto","background-attachment":"scroll","background-type":"","background-media":"","overlay-type":"","overlay-color":"","overlay-gradient":""},"tablet":{"background-color":"","background-image":"","background-repeat":"repeat","background-position":"center center","background-size":"auto","background-attachment":"scroll","background-type":"","background-media":"","overlay-type":"","overlay-color":"","overlay-gradient":""},"mobile":{"background-color":"","background-image":"","background-repeat":"repeat","background-position":"center center","background-size":"auto","background-attachment":"scroll","background-type":"","background-media":"","overlay-type":"","overlay-color":"","overlay-gradient":""}},"ast-content-background-meta":{"desktop":{"background-color":"var(--ast-global-color-5)","background-image":"","background-repeat":"repeat","background-position":"center center","background-size":"auto","background-attachment":"scroll","background-type":"","background-media":"","overlay-type":"","overlay-color":"","overlay-gradient":""},"tablet":{"background-color":"var(--ast-global-color-5)","background-image":"","background-repeat":"repeat","background-position":"center center","background-size":"auto","background-attachment":"scroll","background-type":"","background-media":"","overlay-type":"","overlay-color":"","overlay-gradient":""},"mobile":{"background-color":"var(--ast-global-color-5)","background-image":"","background-repeat":"repeat","background-position":"center center","background-size":"auto","background-attachment":"scroll","background-type":"","background-media":"","overlay-type":"","overlay-color":"","overlay-gradient":""}},"_joinchat":[]},"product_brand":[],"product_cat":[57,63],"product_tag":[],"class_list":{"0":"post-5692","1":"product","2":"type-product","3":"status-publish","4":"has-post-thumbnail","6":"product_cat-euro","7":"product_cat-ligne3","8":"desktop-align-center","9":"tablet-align-center","10":"mobile-align-center","12":"first","13":"instock","14":"shipping-taxable","15":"product-type-simple"},"_links":{"self":[{"href":"https:\/\/counterfeitbank.com\/index.php\/wp-json\/wp\/v2\/product\/5692","targetHints":{"allow":["GET"]}}],"collection":[{"href":"https:\/\/counterfeitbank.com\/index.php\/wp-json\/wp\/v2\/product"}],"about":[{"href":"https:\/\/counterfeitbank.com\/index.php\/wp-json\/wp\/v2\/types\/product"}],"replies":[{"embeddable":true,"href":"https:\/\/counterfeitbank.com\/index.php\/wp-json\/wp\/v2\/comments?post=5692"}],"wp:featuredmedia":[{"embeddable":true,"href":"https:\/\/counterfeitbank.com\/index.php\/wp-json\/wp\/v2\/media\/5605"}],"wp:attachment":[{"href":"https:\/\/counterfeitbank.com\/index.php\/wp-json\/wp\/v2\/media?parent=5692"}],"wp:term":[{"taxonomy":"product_brand","embeddable":true,"href":"https:\/\/counterfeitbank.com\/index.php\/wp-json\/wp\/v2\/product_brand?post=5692"},{"taxonomy":"product_cat","embeddable":true,"href":"https:\/\/counterfeitbank.com\/index.php\/wp-json\/wp\/v2\/product_cat?post=5692"},{"taxonomy":"product_tag","embeddable":true,"href":"https:\/\/counterfeitbank.com\/index.php\/wp-json\/wp\/v2\/product_tag?post=5692"}],"curies":[{"name":"wp","href":"https:\/\/api.w.org\/{rel}","templated":true}]}}