{"id":5691,"date":"2023-12-17T23:26:29","date_gmt":"2023-12-17T22:26:29","guid":{"rendered":"https:\/\/counterfeitbank.com\/?post_type=product&#038;p=5691"},"modified":"2026-03-15T23:10:06","modified_gmt":"2026-03-15T22:10:06","slug":"acheter-du-faux-dollar-canadien-en-ligne","status":"publish","type":"product","link":"https:\/\/counterfeitbank.com\/index.php\/produit\/acheter-du-faux-dollar-canadien-en-ligne\/","title":{"rendered":"Acheter du faux dollar canadien en ligne"},"content":{"rendered":"<h1 class=\"woocommerce-products-header__title page-title\"><span><span class=\"\">Acheter du faux dollar canadien en ligne<\/span><\/span><\/h1>\n<div class=\"term-description\">\n<p><span>Pour commencer, si vous cherchez un endroit pour acheter de la fausse monnaie imprimable\u00a0; Fausse monnaie \u00e0 vendre\u00a0; de la fausse monnaie qui semble r\u00e9elle, de la fausse monnaie canadienne \u00e0 vendre, alors vous \u00eates au bon endroit. Chaque ann\u00e9e, des millions de notre fausse monnaie passent par les comptoirs de vente au d\u00e9tail, les banques, les casinos et les distributeurs automatiques de billets. et toute notre monnaie contrefaite ou fausse monnaie n\u2019est pas identifi\u00e9e comme contrefaite.<\/span><\/p>\n<p><span>Acheter de faux billets en dollars canadiens en ligne<\/span><br \/>\n<span>Voulez-vous acheter en ligne de faux billets d&rsquo;un dollar canadien qui semblent r\u00e9els, \u00e0 des prix avantageux et de la plus haute qualit\u00e9\u00a0? Voici votre chance de devenir riche et de vivre une vie heureuse \u00ab\u00a0Commandez de faux billets en dollars CANADIENS en ligne\u00a0\u00bb. Nous sommes des techniciens informatiques professionnels et nous produisons de la fausse monnaie non d\u00e9tect\u00e9e pour de nombreux pays. Nos notes sont produites industriellement et professionnellement.<\/span><br \/>\n<span>Nous utilisons des \u00e9l\u00e9ments en papier aluminium de qualit\u00e9. 20\u00a0% de cellulose et 80\u00a0% de papier de coton.<\/span><br \/>\n<span>Achetez des billets contrefaits en dollars CANADIENS en ligne.<\/span><br \/>\n<span>Nos billets sont dot\u00e9s d&rsquo;une d\u00e9tection infrarouge qui leur permet de contourner les machines UV, le test du stylet et m\u00eame la d\u00e9tection oculaire par des experts en contrefa\u00e7on.<\/span><br \/>\n<span>Nos notes sont de qualit\u00e9 AAA+<\/span><br \/>\n<span>Achetez en ligne des dollars CANADIENS contrefaits de haute qualit\u00e9<\/span><br \/>\n<span>Achetez des billets contrefaits en dollars CANADIENS en ligne<\/span><br \/>\n<span>O\u00f9 acheter de la fausse monnaie qui semble r\u00e9elle en ligne<\/span><br \/>\n<span>O\u00f9 acheter de faux billets en dollars CANADIENS en ligne<\/span><br \/>\n<span>Commandez de faux billets en dollars CANADIENS en ligne<\/span><br \/>\n<span>Exp\u00e9dition dans le monde entier.<\/span><br \/>\n<span>Caract\u00e9ristiques de s\u00e9curit\u00e9 de notre dollar CANADIEN contrefait de haute qualit\u00e9<\/span><br \/>\n<span>Ces fonctionnalit\u00e9s rendent nos factures 100\u00a0% ind\u00e9tectables, 100\u00a0% s\u00fbres et s\u00e9curis\u00e9es \u00e0 utiliser dans l&rsquo;un de ces domaines\u00a0:<\/span><br \/>\n<span>CASINO, ATM, CHANGEURS D&rsquo;ARGENT, MAGASINS, STATIONS-SERVICE. Commandez de faux billets en dollars CANADIENS en ligne<\/span><br \/>\n<span>Hologrammes et bandes holographiques<\/span><br \/>\n<span>Micro-lettrage<\/span><br \/>\n<span>Encre et fil m\u00e9talliques<\/span><br \/>\n<span>Filigranes<\/span><br \/>\n<span>D\u00e9tection IR<\/span><br \/>\n<span>Caract\u00e9ristiques ultraviolettes<\/span><br \/>\n<span>Fonctionnalit\u00e9s transparentes<\/span><br \/>\n<span>Diff\u00e9rents num\u00e9ros de s\u00e9rie<\/span><br \/>\n<span>Renforcez la confiance en vous lorsque vous passez votre commande pour un avenir meilleur, merci.<\/span><br \/>\n<span>O\u00f9 acheter en ligne de la fausse monnaie qui semble r\u00e9elle.<\/span><br \/>\n<span>Commandez en ligne de faux billets en dollars CANADIENS dans toutes les coupures\u00a0: nous proposons en ligne les fausses monnaies non d\u00e9tect\u00e9es de haute qualit\u00e9 suivantes.<\/span><br \/>\n<span>Livres sterling<\/span><br \/>\n<span>Dollars canadiens<\/span><br \/>\n<span>Factures CANADIENNES<\/span><br \/>\n<span>Pesos mexicains<\/span><br \/>\n<span>Dollars am\u00e9ricains<\/span><br \/>\n<span>Dollars n\u00e9o-z\u00e9landais<\/span><br \/>\n<span>Dollars australiens<\/span><br \/>\n<span>AED Dirham<\/span><br \/>\n<span>Kowe\u00eft Dinah<\/span><br \/>\n<span>Dollar CANADIEN<\/span><br \/>\n<span>Fournisseurs en gros de fausse monnaie ind\u00e9tectable en ligne\u200e<\/span><br \/>\n<span>Achetez des dollars CANADIENS contrefaits de haute qualit\u00e9 en ligne, o\u00f9 acheter de la monnaie contrefaite qui semble r\u00e9elle en ligne, o\u00f9 acheter de faux billets d&rsquo;un dollar, exp\u00e9dition dans le monde entier.<\/span><\/p>\n<\/div>\n","protected":false},"excerpt":{"rendered":"<p>Acheter du faux dollar canadien en ligne Pour commencer, si vous cherchez un endroit pour acheter de la fausse monnaie imprimable\u00a0; Fausse monnaie \u00e0 vendre\u00a0; de la fausse monnaie qui semble r\u00e9elle, de la fausse monnaie canadienne \u00e0 vendre, alors vous \u00eates au bon endroit. Chaque ann\u00e9e, des millions de notre fausse monnaie passent par &hellip;<\/p>\n<p class=\"read-more\"> <a class=\"\" href=\"https:\/\/counterfeitbank.com\/index.php\/produit\/acheter-du-faux-dollar-canadien-en-ligne\/\"> <span class=\"screen-reader-text\">Acheter du faux dollar canadien en ligne<\/span> Lire la suite\u00a0\u00bb<\/a><\/p>\n","protected":false},"featured_media":5580,"comment_status":"open","ping_status":"closed","template":"","meta":{"site-sidebar-layout":"default","site-content-layout":"","ast-site-content-layout":"default","site-content-style":"default","site-sidebar-style":"default","ast-global-header-display":"","ast-banner-title-visibility":"","ast-main-header-display":"","ast-hfb-above-header-display":"","ast-hfb-below-header-display":"","ast-hfb-mobile-header-display":"","site-post-title":"","ast-breadcrumbs-content":"","ast-featured-img":"","footer-sml-layout":"","theme-transparent-header-meta":"default","adv-header-id-meta":"","stick-header-meta":"","header-above-stick-meta":"","header-main-stick-meta":"","header-below-stick-meta":"","astra-migrate-meta-layouts":"set","ast-page-background-enabled":"default","ast-page-background-meta":{"desktop":{"background-color":"","background-image":"","background-repeat":"repeat","background-position":"center center","background-size":"auto","background-attachment":"scroll","background-type":"","background-media":"","overlay-type":"","overlay-color":"","overlay-gradient":""},"tablet":{"background-color":"","background-image":"","background-repeat":"repeat","background-position":"center center","background-size":"auto","background-attachment":"scroll","background-type":"","background-media":"","overlay-type":"","overlay-color":"","overlay-gradient":""},"mobile":{"background-color":"","background-image":"","background-repeat":"repeat","background-position":"center center","background-size":"auto","background-attachment":"scroll","background-type":"","background-media":"","overlay-type":"","overlay-color":"","overlay-gradient":""}},"ast-content-background-meta":{"desktop":{"background-color":"var(--ast-global-color-5)","background-image":"","background-repeat":"repeat","background-position":"center center","background-size":"auto","background-attachment":"scroll","background-type":"","background-media":"","overlay-type":"","overlay-color":"","overlay-gradient":""},"tablet":{"background-color":"var(--ast-global-color-5)","background-image":"","background-repeat":"repeat","background-position":"center center","background-size":"auto","background-attachment":"scroll","background-type":"","background-media":"","overlay-type":"","overlay-color":"","overlay-gradient":""},"mobile":{"background-color":"var(--ast-global-color-5)","background-image":"","background-repeat":"repeat","background-position":"center center","background-size":"auto","background-attachment":"scroll","background-type":"","background-media":"","overlay-type":"","overlay-color":"","overlay-gradient":""}},"_joinchat":[]},"product_brand":[],"product_cat":[56,62],"product_tag":[],"class_list":{"0":"post-5691","1":"product","2":"type-product","3":"status-publish","4":"has-post-thumbnail","6":"product_cat-dollar-canadien","7":"product_cat-ligne2","8":"desktop-align-center","9":"tablet-align-center","10":"mobile-align-center","12":"first","13":"instock","14":"shipping-taxable","15":"product-type-simple"},"_links":{"self":[{"href":"https:\/\/counterfeitbank.com\/index.php\/wp-json\/wp\/v2\/product\/5691","targetHints":{"allow":["GET"]}}],"collection":[{"href":"https:\/\/counterfeitbank.com\/index.php\/wp-json\/wp\/v2\/product"}],"about":[{"href":"https:\/\/counterfeitbank.com\/index.php\/wp-json\/wp\/v2\/types\/product"}],"replies":[{"embeddable":true,"href":"https:\/\/counterfeitbank.com\/index.php\/wp-json\/wp\/v2\/comments?post=5691"}],"wp:featuredmedia":[{"embeddable":true,"href":"https:\/\/counterfeitbank.com\/index.php\/wp-json\/wp\/v2\/media\/5580"}],"wp:attachment":[{"href":"https:\/\/counterfeitbank.com\/index.php\/wp-json\/wp\/v2\/media?parent=5691"}],"wp:term":[{"taxonomy":"product_brand","embeddable":true,"href":"https:\/\/counterfeitbank.com\/index.php\/wp-json\/wp\/v2\/product_brand?post=5691"},{"taxonomy":"product_cat","embeddable":true,"href":"https:\/\/counterfeitbank.com\/index.php\/wp-json\/wp\/v2\/product_cat?post=5691"},{"taxonomy":"product_tag","embeddable":true,"href":"https:\/\/counterfeitbank.com\/index.php\/wp-json\/wp\/v2\/product_tag?post=5691"}],"curies":[{"name":"wp","href":"https:\/\/api.w.org\/{rel}","templated":true}]}}