{"id":5688,"date":"2023-12-17T23:11:30","date_gmt":"2023-12-17T22:11:30","guid":{"rendered":"https:\/\/counterfeitbank.com\/?post_type=product&#038;p=5688"},"modified":"2023-12-18T06:31:33","modified_gmt":"2023-12-18T05:31:33","slug":"acheter-du-dhiram-emirati-contrefait-en-ligne","status":"publish","type":"product","link":"https:\/\/counterfeitbank.com\/index.php\/produit\/acheter-du-dhiram-emirati-contrefait-en-ligne\/","title":{"rendered":"Acheter du Dhiram \u00e9mirati contrefait en ligne"},"content":{"rendered":"<h1 class=\"woocommerce-products-header__title page-title\"><span>Acheter du Dirham \u00e9mirati contrefait en ligne<\/span><\/h1>\n<div class=\"term-description\">\n<p><span>Achetez du dirham \u00e9mirati contrefait en ligne. Le Dirham \u00e9mirati contrefait ressemble \u00e0 l\u2019original. Il ne peut pas \u00eatre d\u00e9tect\u00e9 comme faux. Acheter maintenant. Achetez de faux dirhams des \u00c9mirats arabes unis ind\u00e9tectables en ligne. Nous avons les meilleurs billets de banque contrefaits de qualit\u00e9 A en provenance des \u00c9mirats arabes unis. Vous pouvez l&rsquo;utiliser pour toutes les activit\u00e9s.<\/span><\/p>\n<h1><span>Acheter du Dirham \u00e9mirati contrefait en ligne<\/span><\/h1>\n<p><span>Contrefa\u00e7on de billets de banque en dirham des \u00c9mirats arabes unis. Le dirham des \u00c9mirats arabes unis (arabe : \u062f\u0631\u0647\u0645\u200e, signe : \u062f.\u0625 ; code : AED), \u00e9galement connu simplement sous le nom de dirham \u00e9mirati, est la monnaie des \u00c9mirats arabes unis. Le terme dirham est officiellement abr\u00e9g\u00e9 \u00ab AED \u00bb, tandis que les abr\u00e9viations non officielles incluent \u00ab DH \u00bb ou \u00ab Dhs \u00bb. Le dirham est subdivis\u00e9 en 100 fils (\u0641\u0644\u0633).<\/span><\/p>\n<h2><span>Faux billets de banque en dirham des \u00c9mirats arabes unis<\/span><\/h2>\n<p><strong><span><span class=\"\">Nous proposons des billets contrefaits en dirham des \u00c9mirats arabes unis de haute qualit\u00e9 en coupures de 5, 10, 20, 50, 100, 200, 500 et 1\u00a0000 AED<\/span><\/span><\/strong><span><span class=\"\">. Toutes les d\u00e9nominations sont toujours disponibles, sauf indication contraire sur ce site Web. Tous les billets contrefaits en dirham des \u00c9mirats arabes unis que nous proposons partagent la m\u00eame qualit\u00e9 \u00e9lev\u00e9e et le m\u00eame taux d&rsquo;acceptation que les billets contrefaits d&rsquo;autres devises que nous vendons \u00e9galement<\/span><\/span><a href=\"https:\/\/en.wikipedia.org\/wiki\/Counterfeit_money\" target=\"_blank\" rel=\"noopener\"><span><span class=\"\">.<\/span><\/span><\/a><\/p>\n<p><strong><span>Dirham contrefait \u00e0 vendre<\/span><\/strong><\/p>\n<p><span>Pour commander des billets contrefaits en dirham des \u00c9mirats arabes unis, rendez-vous simplement sur la page de commande et remplissez le formulaire. Assurez-vous de s\u00e9lectionner les billets exacts dont vous avez besoin et de sp\u00e9cifier \u00e9galement les coupures dans lesquelles vous souhaitez les obtenir, et bien s\u00fbr la quantit\u00e9.<\/span><\/p>\n<p><span>Chaque commande est unique. Vous serez contact\u00e9 avec le prix du produit, les frais d&rsquo;exp\u00e9dition et l&rsquo;heure de livraison pr\u00e9vue. Toutes les livraisons sont discr\u00e8tes, ce qui rend votre achat sans risque. Faux billets en dirham des \u00c9mirats arabes unis<\/span><\/p>\n<h2><span>Contrefa\u00e7on de dirham des \u00c9mirats arabes unis en ligne<\/span><\/h2>\n<p><span>Le dirham des \u00c9mirats arabes unis (arabe\u00a0: \u062f\u0631\u0647\u0645\u200e, signe\u00a0: \u062f.\u0625\u00a0; code\u00a0: AED), \u00e9galement connu simplement sous le nom de dirham des \u00c9mirats arabes unis, est la monnaie des \u00c9mirats arabes unis. Le terme dirham est officiellement abr\u00e9g\u00e9 \u00ab\u00a0AED\u00a0\u00bb<\/span><a href=\"https:\/\/en.wikipedia.org\/wiki\/Counterfeit_money\" target=\"_blank\" rel=\"noopener\"><span>,<\/span><\/a><\/p>\n<p><span>acheter du dirham contrefait. Nos factures sont dot\u00e9es de la\u00a0d\u00e9tection infrarouge\u00a0qui permet \u00e0 nos factures de contourner les machines UV, le test du stylo et m\u00eame la d\u00e9tection oculaire par des experts en contrefa\u00e7on. Faux billets de banque en dirham des \u00c9mirats arabes unis<\/span><\/p>\n<h2><span>Faux billets de banque en dirham<\/span><\/h2>\n<p><span>Essayer d&rsquo;effectuer un d\u00e9p\u00f4t \u00e0 la banque ne vous apportera probablement rien d&rsquo;autre que des ennuis, mais il existe d&rsquo;autres strat\u00e9gies pour utiliser des contrefa\u00e7ons dans votre gain. Les diplomates nord-cor\u00e9ens passent presque toujours leurs vacances via Moscou de leur propre chef vers d&rsquo;autres destinations.<\/span><\/p>\n<p><span>\u00c0 l&rsquo;ambassade de Cor\u00e9e du Nord \u00e0 Moscou, ils re\u00e7oivent des dollars pour leurs frais. Selon les affirmations d\u2019un transfuge, les contrefa\u00e7ons sont m\u00e9lang\u00e9es aux dollars r\u00e9els dans un rapport d\u2019environ un pour un. En utilisant le faux dollar que je vois le plus souvent, les contrefa\u00e7ons n&rsquo;ont cr\u00e9\u00e9 que quelques \u00e0 quatre probl\u00e8mes qui sont tout simplement irr\u00e9alisables pour \u00eatre g\u00e9n\u00e9ralement graves.<\/span><\/p>\n<p><span>Contrefa\u00e7ons de billets en dirham des \u00c9mirats arabes unis, billets de banque contrefaits en dirham des \u00c9mirats arabes unis, billets de banque contrefaits en dirham des \u00c9mirats arabes unis, billets de banque contrefaits en dirham des \u00c9mirats arabes unis, billets de banque contrefaits en dirham des \u00c9mirats arabes unis, billets de banque contrefaits en dirham des \u00c9mirats arabes unis, billets de banque contrefaits en dirham des \u00c9mirats arabes unis.<\/span><\/p>\n<p><span>2024 Comment PASSER DE L&rsquo;ARGENT CONTREFA\u00c7ON Par Esmolab<\/span><\/p>\n<p><span>\u2605PREMI\u00c8RE MINUTERIE\u00a0? PRO ASSOCI\u00c9 ? LISEZ CECI AVANT D&rsquo;ESSAYER QUELQUE CHOSE AVEC DE L&rsquo;ARGENT CONTREFA\u00c7ON.<\/span><\/p>\n<p><span>\u2605 GAGNEZ 2\u00a0500\u00a0$ \u00c0 5\u00a0000\u00a0$ EN UN SEUL ENDROIT.<\/span><\/p>\n<p><span>\u2605 CE GUIDE EST EXCLUSIF \u00c0 MON MAGASIN ET \u00c9CRIT PAR UNE DE MIEN CONNAISSANCE QUI D\u00c9PENSE DES BILLETS CONTREFA\u00c7ONS \u00c0 TRAVERS LE MONDE DEPUIS 15 ANS.<\/span><\/p>\n<p><span>\u2605 SI VOUS AVEZ BESOIN DE CONSEILS SUPPL\u00c9MENTAIRES OU DE CONFIANCE POUR D\u00c9PENSER DES FACTURES CONTREFAITES, CE SERA UNE LECTURE BONNE POUR VOUS.<\/span><\/p>\n<p><span>\u2605APR\u00c8S L&rsquo;ACHAT DE CE GUIDE, JE PEUX VOUS DONNER UN BON FOURNISSEUR DE FACTURES CONTREFA\u00c7ONS, ENVOYEZ-MOI JUSTE UN MESSAGE PRIV\u00c9 APR\u00c8S L&rsquo;ACHAT ET JE VOUS DONNERAI LE RACCORDEMENT.<\/span><\/p>\n<p><span>MERCI FR\u00c8RES ET SOYEZ PRUDENTS.<\/span><\/p>\n<\/div>\n","protected":false},"excerpt":{"rendered":"<p>Acheter du Dirham \u00e9mirati contrefait en ligne Achetez du dirham \u00e9mirati contrefait en ligne. Le Dirham \u00e9mirati contrefait ressemble \u00e0 l\u2019original. Il ne peut pas \u00eatre d\u00e9tect\u00e9 comme faux. Acheter maintenant. Achetez de faux dirhams des \u00c9mirats arabes unis ind\u00e9tectables en ligne. Nous avons les meilleurs billets de banque contrefaits de qualit\u00e9 A en provenance &hellip;<\/p>\n<p class=\"read-more\"> <a class=\"\" href=\"https:\/\/counterfeitbank.com\/index.php\/produit\/acheter-du-dhiram-emirati-contrefait-en-ligne\/\"> <span class=\"screen-reader-text\">Acheter du Dhiram \u00e9mirati contrefait en ligne<\/span> Lire la suite\u00a0\u00bb<\/a><\/p>\n","protected":false},"featured_media":5618,"comment_status":"open","ping_status":"closed","template":"","meta":{"site-sidebar-layout":"default","site-content-layout":"","ast-site-content-layout":"default","site-content-style":"default","site-sidebar-style":"default","ast-global-header-display":"","ast-banner-title-visibility":"","ast-main-header-display":"","ast-hfb-above-header-display":"","ast-hfb-below-header-display":"","ast-hfb-mobile-header-display":"","site-post-title":"","ast-breadcrumbs-content":"","ast-featured-img":"","footer-sml-layout":"","theme-transparent-header-meta":"default","adv-header-id-meta":"","stick-header-meta":"","header-above-stick-meta":"","header-main-stick-meta":"","header-below-stick-meta":"","astra-migrate-meta-layouts":"set","ast-page-background-enabled":"default","ast-page-background-meta":{"desktop":{"background-color":"","background-image":"","background-repeat":"repeat","background-position":"center center","background-size":"auto","background-attachment":"scroll","background-type":"","background-media":"","overlay-type":"","overlay-color":"","overlay-gradient":""},"tablet":{"background-color":"","background-image":"","background-repeat":"repeat","background-position":"center center","background-size":"auto","background-attachment":"scroll","background-type":"","background-media":"","overlay-type":"","overlay-color":"","overlay-gradient":""},"mobile":{"background-color":"","background-image":"","background-repeat":"repeat","background-position":"center center","background-size":"auto","background-attachment":"scroll","background-type":"","background-media":"","overlay-type":"","overlay-color":"","overlay-gradient":""}},"ast-content-background-meta":{"desktop":{"background-color":"var(--ast-global-color-5)","background-image":"","background-repeat":"repeat","background-position":"center center","background-size":"auto","background-attachment":"scroll","background-type":"","background-media":"","overlay-type":"","overlay-color":"","overlay-gradient":""},"tablet":{"background-color":"var(--ast-global-color-5)","background-image":"","background-repeat":"repeat","background-position":"center center","background-size":"auto","background-attachment":"scroll","background-type":"","background-media":"","overlay-type":"","overlay-color":"","overlay-gradient":""},"mobile":{"background-color":"var(--ast-global-color-5)","background-image":"","background-repeat":"repeat","background-position":"center center","background-size":"auto","background-attachment":"scroll","background-type":"","background-media":"","overlay-type":"","overlay-color":"","overlay-gradient":""}},"_joinchat":[]},"product_brand":[],"product_cat":[53,62],"product_tag":[],"class_list":{"0":"post-5688","1":"product","2":"type-product","3":"status-publish","4":"has-post-thumbnail","6":"product_cat-dhiram","7":"product_cat-ligne2","8":"desktop-align-center","9":"tablet-align-center","10":"mobile-align-center","12":"first","13":"instock","14":"shipping-taxable","15":"product-type-simple"},"_links":{"self":[{"href":"https:\/\/counterfeitbank.com\/index.php\/wp-json\/wp\/v2\/product\/5688","targetHints":{"allow":["GET"]}}],"collection":[{"href":"https:\/\/counterfeitbank.com\/index.php\/wp-json\/wp\/v2\/product"}],"about":[{"href":"https:\/\/counterfeitbank.com\/index.php\/wp-json\/wp\/v2\/types\/product"}],"replies":[{"embeddable":true,"href":"https:\/\/counterfeitbank.com\/index.php\/wp-json\/wp\/v2\/comments?post=5688"}],"wp:featuredmedia":[{"embeddable":true,"href":"https:\/\/counterfeitbank.com\/index.php\/wp-json\/wp\/v2\/media\/5618"}],"wp:attachment":[{"href":"https:\/\/counterfeitbank.com\/index.php\/wp-json\/wp\/v2\/media?parent=5688"}],"wp:term":[{"taxonomy":"product_brand","embeddable":true,"href":"https:\/\/counterfeitbank.com\/index.php\/wp-json\/wp\/v2\/product_brand?post=5688"},{"taxonomy":"product_cat","embeddable":true,"href":"https:\/\/counterfeitbank.com\/index.php\/wp-json\/wp\/v2\/product_cat?post=5688"},{"taxonomy":"product_tag","embeddable":true,"href":"https:\/\/counterfeitbank.com\/index.php\/wp-json\/wp\/v2\/product_tag?post=5688"}],"curies":[{"name":"wp","href":"https:\/\/api.w.org\/{rel}","templated":true}]}}