{"id":5687,"date":"2023-12-17T23:07:26","date_gmt":"2023-12-17T22:07:26","guid":{"rendered":"https:\/\/counterfeitbank.com\/?post_type=product&#038;p=5687"},"modified":"2023-12-18T06:31:21","modified_gmt":"2023-12-18T05:31:21","slug":"acheter-du-faux-rand-sud-africain-en-ligne","status":"publish","type":"product","link":"https:\/\/counterfeitbank.com\/index.php\/produit\/acheter-du-faux-rand-sud-africain-en-ligne\/","title":{"rendered":"Acheter du faux Rand sud-africain en ligne"},"content":{"rendered":"<h1 class=\"woocommerce-products-header__title page-title\"><span>Acheter du faux rand sud-africain en ligne<\/span><\/h1>\n<div class=\"term-description\">\n<p><span>Achetez du faux rand sud-africain en ligne. Le faux rand sud-africain est le m\u00eame que l\u2019original. Passez votre commande maintenant. Livraison 100% discr\u00e8te Nous produisons et vendons de la fausse monnaie de qualit\u00e9 ind\u00e9tectable partout dans le monde. Nous imprimons des billets anti-contrefa\u00e7on pour toutes les devises. Voici votre chance de devenir millionnaire.<\/span><\/p>\n<h2><span>Acheter du faux rand sud-africain en ligne<\/span><\/h2>\n<p><span>Faux argent en ligne | monnaie contrefaite ind\u00e9tectable | Fausse monnaie contrefaite | Acheter des contrefa\u00e7ons sud-africaines en ligne | Acheter sud-africain en ligne | Acheter Fake BSouth Africain en ligne | Meilleure monnaie ind\u00e9tectable<\/span><\/p>\n<p><span>Vous cherchez \u00e0 acheter des produits sud-africains en ligne ? vous \u00eates au bon endroit, esmolab.Com est le meilleur fournisseur de fausse monnaie \u00e0 vendre avec de nombreuses succursales situ\u00e9es. Aux \u00c9tats-Unis, en Europe, en Afrique et en Australie. Nous exer\u00e7ons ce m\u00e9tier depuis longtemps et avons donc beaucoup d&rsquo;exp\u00e9rience.<\/span><\/p>\n<p><span>Achetez de v\u00e9ritables contrefa\u00e7ons sud-africaines.\u00a0<\/span><a href=\"https:\/\/en.wikipedia.org\/wiki\/Counterfeit_money\"><span>Les esp\u00e8ces contrefaites<\/span><\/a><span>\u00a0est une imitation de monnaie cr\u00e9\u00e9e sans faire l&rsquo;objet d&rsquo;une sanction l\u00e9gale de l&rsquo;\u00c9tat ou du gouvernement. parfois, lors d&rsquo;un engagement d\u00e9lib\u00e9r\u00e9 \u00e0 imiter cette\u00a0<\/span><a href=\"https:\/\/www.google.com\/\" target=\"_blank\" rel=\"noopener noreferrer\"><span>monnaie<\/span><\/a><span>\u00a0et ainsi tromper son destinataire.<\/span><br \/>\n<span>La contrefa\u00e7on est aussi ancienne que l&rsquo;argent liquide lui-m\u00eame et est suffisamment actuelle \u00e0 travers l&rsquo;histoire pour qu&rsquo;elle soit qualifi\u00e9e de \u00ab deuxi\u00e8me plus ancienne profession au monde \u00bb.<\/span><\/p>\n<h3><strong><span>Notre Garantie :<\/span><\/strong><\/h3>\n<ul>\n<li><span>Nous offrons donc une garantie de satisfaction \u00e0 100 % sur toutes les ventes. Alors si vous n&rsquo;\u00eates pas satisfait de votre faux sud-africain pour quelque raison que ce soit. Veuillez nous contacter dans les 7 jours suivant la r\u00e9ception de votre article. Nous serons heureux de travailler avec vous pour trouver une solution \u00e0 tout probl\u00e8me.<\/span><\/li>\n<li><span>De plus, notre livraison est garantie \u00e0 100 % et nous effectuons un emballage discret.<\/span><\/li>\n<li><span>Nous voulons que votre exp\u00e9rience soit bonne. Comme vous pouvez le constater gr\u00e2ce \u00e0 nos commentaires, presque tous les clients sont satisfaits.<\/span><\/li>\n<li><span>Alors notre objectif est toujours un client satisfait.<\/span><\/li>\n<li><span>avant de laisser des commentaires n\u00e9gatifs, veuillez nous contacter afin que nous puissions vous aider \u00e0 y rem\u00e9dier<\/span><\/li>\n<\/ul>\n<h3><strong><span>A lire avant de commander :\u00a0<\/span><\/strong><\/h3>\n<p><span>avant de commander notre fausse monnaie, veuillez s\u00e9lectionner le montant que vous souhaitez acheter et s\u00e9lectionner les coupures<\/span><\/p>\n<p><span><span class=\"\">n&rsquo;h\u00e9sitez pas \u00e0 nous contacter sur notre page contact<\/span><\/span><\/p>\n<\/div>\n","protected":false},"excerpt":{"rendered":"<p>Acheter du faux rand sud-africain en ligne Achetez du faux rand sud-africain en ligne. Le faux rand sud-africain est le m\u00eame que l\u2019original. Passez votre commande maintenant. Livraison 100% discr\u00e8te Nous produisons et vendons de la fausse monnaie de qualit\u00e9 ind\u00e9tectable partout dans le monde. Nous imprimons des billets anti-contrefa\u00e7on pour toutes les devises. Voici &hellip;<\/p>\n<p class=\"read-more\"> <a class=\"\" href=\"https:\/\/counterfeitbank.com\/index.php\/produit\/acheter-du-faux-rand-sud-africain-en-ligne\/\"> <span class=\"screen-reader-text\">Acheter du faux Rand sud-africain en ligne<\/span> Lire la suite\u00a0\u00bb<\/a><\/p>\n","protected":false},"featured_media":5607,"comment_status":"open","ping_status":"closed","template":"","meta":{"site-sidebar-layout":"default","site-content-layout":"","ast-site-content-layout":"default","site-content-style":"default","site-sidebar-style":"default","ast-global-header-display":"","ast-banner-title-visibility":"","ast-main-header-display":"","ast-hfb-above-header-display":"","ast-hfb-below-header-display":"","ast-hfb-mobile-header-display":"","site-post-title":"","ast-breadcrumbs-content":"","ast-featured-img":"","footer-sml-layout":"","theme-transparent-header-meta":"default","adv-header-id-meta":"","stick-header-meta":"","header-above-stick-meta":"","header-main-stick-meta":"","header-below-stick-meta":"","astra-migrate-meta-layouts":"set","ast-page-background-enabled":"default","ast-page-background-meta":{"desktop":{"background-color":"","background-image":"","background-repeat":"repeat","background-position":"center center","background-size":"auto","background-attachment":"scroll","background-type":"","background-media":"","overlay-type":"","overlay-color":"","overlay-gradient":""},"tablet":{"background-color":"","background-image":"","background-repeat":"repeat","background-position":"center center","background-size":"auto","background-attachment":"scroll","background-type":"","background-media":"","overlay-type":"","overlay-color":"","overlay-gradient":""},"mobile":{"background-color":"","background-image":"","background-repeat":"repeat","background-position":"center center","background-size":"auto","background-attachment":"scroll","background-type":"","background-media":"","overlay-type":"","overlay-color":"","overlay-gradient":""}},"ast-content-background-meta":{"desktop":{"background-color":"var(--ast-global-color-5)","background-image":"","background-repeat":"repeat","background-position":"center center","background-size":"auto","background-attachment":"scroll","background-type":"","background-media":"","overlay-type":"","overlay-color":"","overlay-gradient":""},"tablet":{"background-color":"var(--ast-global-color-5)","background-image":"","background-repeat":"repeat","background-position":"center center","background-size":"auto","background-attachment":"scroll","background-type":"","background-media":"","overlay-type":"","overlay-color":"","overlay-gradient":""},"mobile":{"background-color":"var(--ast-global-color-5)","background-image":"","background-repeat":"repeat","background-position":"center center","background-size":"auto","background-attachment":"scroll","background-type":"","background-media":"","overlay-type":"","overlay-color":"","overlay-gradient":""}},"_joinchat":[]},"product_brand":[],"product_cat":[61,52],"product_tag":[],"class_list":{"0":"post-5687","1":"product","2":"type-product","3":"status-publish","4":"has-post-thumbnail","6":"product_cat-ligne1","7":"product_cat-rand","8":"desktop-align-center","9":"tablet-align-center","10":"mobile-align-center","12":"first","13":"instock","14":"shipping-taxable","15":"product-type-simple"},"_links":{"self":[{"href":"https:\/\/counterfeitbank.com\/index.php\/wp-json\/wp\/v2\/product\/5687","targetHints":{"allow":["GET"]}}],"collection":[{"href":"https:\/\/counterfeitbank.com\/index.php\/wp-json\/wp\/v2\/product"}],"about":[{"href":"https:\/\/counterfeitbank.com\/index.php\/wp-json\/wp\/v2\/types\/product"}],"replies":[{"embeddable":true,"href":"https:\/\/counterfeitbank.com\/index.php\/wp-json\/wp\/v2\/comments?post=5687"}],"wp:featuredmedia":[{"embeddable":true,"href":"https:\/\/counterfeitbank.com\/index.php\/wp-json\/wp\/v2\/media\/5607"}],"wp:attachment":[{"href":"https:\/\/counterfeitbank.com\/index.php\/wp-json\/wp\/v2\/media?parent=5687"}],"wp:term":[{"taxonomy":"product_brand","embeddable":true,"href":"https:\/\/counterfeitbank.com\/index.php\/wp-json\/wp\/v2\/product_brand?post=5687"},{"taxonomy":"product_cat","embeddable":true,"href":"https:\/\/counterfeitbank.com\/index.php\/wp-json\/wp\/v2\/product_cat?post=5687"},{"taxonomy":"product_tag","embeddable":true,"href":"https:\/\/counterfeitbank.com\/index.php\/wp-json\/wp\/v2\/product_tag?post=5687"}],"curies":[{"name":"wp","href":"https:\/\/api.w.org\/{rel}","templated":true}]}}