{"id":5686,"date":"2023-12-17T23:02:57","date_gmt":"2023-12-17T22:02:57","guid":{"rendered":"https:\/\/counterfeitbank.com\/?post_type=product&#038;p=5686"},"modified":"2023-12-18T06:31:04","modified_gmt":"2023-12-18T05:31:04","slug":"acheter-du-faux-dollar-americain-en-ligne","status":"publish","type":"product","link":"https:\/\/counterfeitbank.com\/index.php\/produit\/acheter-du-faux-dollar-americain-en-ligne\/","title":{"rendered":"Acheter du faux dollar americain en ligne"},"content":{"rendered":"<h1 class=\"woocommerce-products-header__title page-title\"><span>Acheter du faux dollar am\u00e9ricain en ligne<\/span><\/h1>\n<div class=\"term-description\">\n<p><span>Pour commencer, si vous cherchez un endroit pour acheter de la fausse monnaie imprimable\u00a0; Fausse monnaie \u00e0 vendre\u00a0; de la fausse monnaie qui semble r\u00e9elle, de la fausse monnaie \u00e0 vendre, alors vous \u00eates au bon endroit. Chaque ann\u00e9e, des millions de notre fausse monnaie passent par les comptoirs de vente au d\u00e9tail, les banques, les casinos et les distributeurs automatiques de billets. et toute notre monnaie contrefaite ou fausse monnaie n&rsquo;est pas identifi\u00e9e comme \u00e9tant contrefaite.<\/span><br \/>\n<span>Achetez de faux dollars am\u00e9ricains sur les plateformes en ligne<\/span><br \/>\n<span>Si votre argent de poche est moindre, mais que vos d\u00e9penses sont \u00e9lev\u00e9es, vous devez rechercher sur Google ce terme fausse monnaie ou faux dollars \u00e0 vendre en ligne. Vous pouvez obtenir les r\u00e9sultats souhait\u00e9s. Il vous montrera de nombreux sites en ligne, qui vous donneront une fausse monnaie en \u00e9change d&rsquo;une petite somme d&rsquo;argent. Vous pouvez obtenir plus d\u2019argent en donnant moins. Gagnez de l&rsquo;argent sans effectuer de travail de bureau ni faire de pr\u00e9sentation au bureau. Vous pouvez gagner de l&rsquo;argent avec votre intelligence. Vous pouvez acheter de la monnaie am\u00e9ricaine contrefaite en ligne aupr\u00e8s de n&rsquo;importe quel best-seller.<\/span><\/p>\n<p><span>Acheter de la fausse monnaie en ligne<\/span><br \/>\n<span>De nombreuses plateformes vous proposent ce service. Vous pouvez gagner de l\u2019argent ou devenir riche car il y a moins de chances de vous faire prendre. Ils impriment diverses monnaies, parmi lesquelles le dollar est la plus demand\u00e9e. Vous pouvez acheter de faux USD en ligne sans aucun loisir. De fausses notes qui semblent aussi similaires que de vraies notes seront livr\u00e9es aux portes.<\/span><\/p>\n<p><span>Ex\u00e9cutez de faux USD dans un distributeur automatique ou un casino<\/span><br \/>\n<span>La fausse monnaie est imprim\u00e9e de telle mani\u00e8re qu&rsquo;elle est m\u00e9connaissable, qu&rsquo;elle soit r\u00e9elle ou fausse. Chaque caract\u00e9ristique importante est prise en charge puis imprim\u00e9e avec toute l\u2019attention. Ils imprimaient des billets de presque toutes les devises. Ils sont exp\u00e9riment\u00e9s dans leur domaine de travail, depuis la planification d&rsquo;une v\u00e9ritable s\u00e9rie de notes jusqu&rsquo;\u00e0 son impression. Tout est fait avec soin et sobri\u00e9t\u00e9. Vous ach\u00e8terez de la fausse monnaie qui semble r\u00e9elle et qui peut \u00eatre utilis\u00e9e pour n\u2019importe quelle d\u00e9pense. Les casinos ont les meilleures notes de l\u00e9gitimit\u00e9 en v\u00e9rifiant les machines et les types d&rsquo;\u00e9quipements. Les notes des best-sellers circulent dans les distributeurs automatiques, les casinos pour se faire prendre ou pour les informer de cette contrefa\u00e7on.<\/span><\/p>\n<p><span>V\u00e9rifier la l\u00e9gitimit\u00e9 et son efficacit\u00e9<\/span><br \/>\n<span>En tant que consommateur, il est important de conna\u00eetre sa l\u00e9gitimit\u00e9 et son efficacit\u00e9 dans la vie r\u00e9elle. Pour \u00e9viter d&rsquo;\u00eatre arr\u00eat\u00e9 par la police ou d&rsquo;\u00eatre tromp\u00e9 par le vendeur, vous devriez v\u00e9rifier les notes. Les \u00e9l\u00e9ments les plus importants que vous devez v\u00e9rifier sur ces notes avant de les utiliser sont\u00a0:<\/span><\/p>\n<p><span>La qualit\u00e9 du papier doit \u00eatre aussi similaire \u00e0 celle du dollar r\u00e9el.<\/span><br \/>\n<span>La taille du billet doit \u00eatre \u00e9gale au dollar r\u00e9el. Il ne doit pas \u00eatre sup\u00e9rieur ou inf\u00e9rieur au r\u00e9el\u00a0; un.<\/span><br \/>\n<span>Les lots, les signes et les langues doivent \u00eatre correctement imprim\u00e9s.<\/span><br \/>\n<span>La clart\u00e9 lors de l&rsquo;impression des notes doit \u00eatre la priorit\u00e9.<\/span><br \/>\n<span>En v\u00e9rifiant chaque d\u00e9tail important de la note, vous serez sauv\u00e9 des vendeurs de forge<\/span><\/p>\n<p><span>\u00c0 quoi s&rsquo;attendre des meilleures ventes de fausse monnaie en ligne<\/span><br \/>\n<span>Avant d&rsquo;acheter de faux dollars am\u00e9ricains, vous devez savoir o\u00f9 acheter de faux dollars am\u00e9ricains en ligne. Bestsellers vous fournira les services suivants\u00a0:<\/span><\/p>\n<p><span>Masquer votre identifiant d&rsquo;origine. Vous pouvez acheter de faux USD en cachant votre identit\u00e9 d&rsquo;origine.<\/span><br \/>\n<span>Livraison \u00e0 domicile. Ils enverront le colis \u00e0 votre porte.<\/span><br \/>\n<span>Options bancaires s\u00e9curis\u00e9es. Ils vous fourniront un syst\u00e8me d&rsquo;\u00e9change d&rsquo;argent s\u00e9curis\u00e9 et s\u00e9curis\u00e9.<\/span><br \/>\n<span>Ils auront de bons avis des consommateurs et une bonne attitude concernant les requ\u00eates et les plaintes des clients.<\/span><br \/>\n<span>Ils auront un grand pass\u00e9 et une grande exp\u00e9rience dans le domaine de l&rsquo;impression de faux billets.<\/span><br \/>\n<span>De nombreuses plateformes proposent \u00e0 la vente de faux dollars en ligne. Mais trouver le bon et le meilleur vendeur parmi eux est essentiel. Alors recherchez les meilleures fonctionnalit\u00e9s et soyez rassur\u00e9\u00a0!<\/span><\/p>\n<p><span>Comment puis-je savoir s&rsquo;il s&rsquo;agit de faux dollars l\u00e9gitimes \u00e0 vendre dans un magasin\u00a0?<\/span><br \/>\n<span>En conclusion, c\u2019est probablement le dilemme le plus important auquel nous sommes confront\u00e9s. jour apr\u00e8s jour, un grand nombre de personnes pr\u00e9tendent vendre ce dont ils n&rsquo;ont pas besoin ou ce qu&rsquo;ils n&rsquo;ont pas, ce qui pose de s\u00e9rieuses difficult\u00e9s aux vendeurs l\u00e9gitimes comme nous qui souhaitent vendre notre monnaie contrefaite en ligne\u00a0; de la fausse monnaie qui semble r\u00e9elle et imprimable. Ainsi, vous pouvez toujours obtenir votre faux argent imprimable d\u00e8s maintenant chez nous avant que nous ne soyons en rupture de stock.<\/span><\/p>\n<\/div>\n","protected":false},"excerpt":{"rendered":"<p>Acheter du faux dollar am\u00e9ricain en ligne Pour commencer, si vous cherchez un endroit pour acheter de la fausse monnaie imprimable\u00a0; Fausse monnaie \u00e0 vendre\u00a0; de la fausse monnaie qui semble r\u00e9elle, de la fausse monnaie \u00e0 vendre, alors vous \u00eates au bon endroit. Chaque ann\u00e9e, des millions de notre fausse monnaie passent par les &hellip;<\/p>\n<p class=\"read-more\"> <a class=\"\" href=\"https:\/\/counterfeitbank.com\/index.php\/produit\/acheter-du-faux-dollar-americain-en-ligne\/\"> <span class=\"screen-reader-text\">Acheter du faux dollar americain en ligne<\/span> Lire la suite\u00a0\u00bb<\/a><\/p>\n","protected":false},"featured_media":5648,"comment_status":"open","ping_status":"closed","template":"","meta":{"site-sidebar-layout":"default","site-content-layout":"","ast-site-content-layout":"default","site-content-style":"default","site-sidebar-style":"default","ast-global-header-display":"","ast-banner-title-visibility":"","ast-main-header-display":"","ast-hfb-above-header-display":"","ast-hfb-below-header-display":"","ast-hfb-mobile-header-display":"","site-post-title":"","ast-breadcrumbs-content":"","ast-featured-img":"","footer-sml-layout":"","theme-transparent-header-meta":"default","adv-header-id-meta":"","stick-header-meta":"","header-above-stick-meta":"","header-main-stick-meta":"","header-below-stick-meta":"","astra-migrate-meta-layouts":"set","ast-page-background-enabled":"default","ast-page-background-meta":{"desktop":{"background-color":"","background-image":"","background-repeat":"repeat","background-position":"center center","background-size":"auto","background-attachment":"scroll","background-type":"","background-media":"","overlay-type":"","overlay-color":"","overlay-gradient":""},"tablet":{"background-color":"","background-image":"","background-repeat":"repeat","background-position":"center center","background-size":"auto","background-attachment":"scroll","background-type":"","background-media":"","overlay-type":"","overlay-color":"","overlay-gradient":""},"mobile":{"background-color":"","background-image":"","background-repeat":"repeat","background-position":"center center","background-size":"auto","background-attachment":"scroll","background-type":"","background-media":"","overlay-type":"","overlay-color":"","overlay-gradient":""}},"ast-content-background-meta":{"desktop":{"background-color":"var(--ast-global-color-5)","background-image":"","background-repeat":"repeat","background-position":"center center","background-size":"auto","background-attachment":"scroll","background-type":"","background-media":"","overlay-type":"","overlay-color":"","overlay-gradient":""},"tablet":{"background-color":"var(--ast-global-color-5)","background-image":"","background-repeat":"repeat","background-position":"center center","background-size":"auto","background-attachment":"scroll","background-type":"","background-media":"","overlay-type":"","overlay-color":"","overlay-gradient":""},"mobile":{"background-color":"var(--ast-global-color-5)","background-image":"","background-repeat":"repeat","background-position":"center center","background-size":"auto","background-attachment":"scroll","background-type":"","background-media":"","overlay-type":"","overlay-color":"","overlay-gradient":""}},"_joinchat":[]},"product_brand":[],"product_cat":[50,61],"product_tag":[],"class_list":{"0":"post-5686","1":"product","2":"type-product","3":"status-publish","4":"has-post-thumbnail","6":"product_cat-dollar","7":"product_cat-ligne1","8":"desktop-align-center","9":"tablet-align-center","10":"mobile-align-center","12":"first","13":"instock","14":"shipping-taxable","15":"product-type-simple"},"_links":{"self":[{"href":"https:\/\/counterfeitbank.com\/index.php\/wp-json\/wp\/v2\/product\/5686","targetHints":{"allow":["GET"]}}],"collection":[{"href":"https:\/\/counterfeitbank.com\/index.php\/wp-json\/wp\/v2\/product"}],"about":[{"href":"https:\/\/counterfeitbank.com\/index.php\/wp-json\/wp\/v2\/types\/product"}],"replies":[{"embeddable":true,"href":"https:\/\/counterfeitbank.com\/index.php\/wp-json\/wp\/v2\/comments?post=5686"}],"wp:featuredmedia":[{"embeddable":true,"href":"https:\/\/counterfeitbank.com\/index.php\/wp-json\/wp\/v2\/media\/5648"}],"wp:attachment":[{"href":"https:\/\/counterfeitbank.com\/index.php\/wp-json\/wp\/v2\/media?parent=5686"}],"wp:term":[{"taxonomy":"product_brand","embeddable":true,"href":"https:\/\/counterfeitbank.com\/index.php\/wp-json\/wp\/v2\/product_brand?post=5686"},{"taxonomy":"product_cat","embeddable":true,"href":"https:\/\/counterfeitbank.com\/index.php\/wp-json\/wp\/v2\/product_cat?post=5686"},{"taxonomy":"product_tag","embeddable":true,"href":"https:\/\/counterfeitbank.com\/index.php\/wp-json\/wp\/v2\/product_tag?post=5686"}],"curies":[{"name":"wp","href":"https:\/\/api.w.org\/{rel}","templated":true}]}}