{"id":5685,"date":"2023-12-17T22:57:02","date_gmt":"2023-12-17T21:57:02","guid":{"rendered":"https:\/\/counterfeitbank.com\/?post_type=product&#038;p=5685"},"modified":"2026-03-15T23:10:51","modified_gmt":"2026-03-15T22:10:51","slug":"acheter-du-yuan-renmimbi-en-ligne","status":"publish","type":"product","link":"https:\/\/counterfeitbank.com\/index.php\/produit\/acheter-du-yuan-renmimbi-en-ligne\/","title":{"rendered":"Acheter du Yuan Renmimbi en ligne"},"content":{"rendered":"<h1 class=\"woocommerce-products-header__title page-title\">Acheter du Yuan Renminbi en ligne<\/h1>\n<div class=\"term-description\">\n<p>Achetez du Yuan Renminbi en ligne. Votre commande sera livr\u00e9e \u00e0 votre adresse en toute discr\u00e9tion sous 48 heures. Passez votre commande maintenant. Billets de banque de haute qualit\u00e9 \u00e0 vendre. Le renminbi est la monnaie officielle de la R\u00e9publique populaire de Chine et l\u2019une des monnaies de r\u00e9serve mondiales, se classant au huiti\u00e8me rang des devises les plus \u00e9chang\u00e9es au monde en avril 2019.<\/p>\n<p>La monnaie officielle de la Chine continentale est le renminbi \u2013 en abr\u00e9g\u00e9 CNY ou RMB. Le yuan est une unit\u00e9 de renminbi ; cependant, la monnaie chinoise est g\u00e9n\u00e9ralement connue sous le nom de \u00ab yuan \u00bb, en particulier dans les pays hors de Chine.<\/p>\n<p>Le nom \u00ab renminbi \u00bb signifie litt\u00e9ralement \u00ab monnaie du peuple \u00bb et a \u00e9t\u00e9 \u00e9mis pour la premi\u00e8re fois en 1948, lors de la cr\u00e9ation de la Banque populaire de Chine.<\/p>\n<p>Il s\u2019\u00e9change facilement \u00e0 Hong Kong et \u00e0 Macao, mais ce n\u2019est pas la monnaie officielle dans ces destinations.<\/p>\n<p>Les billets les plus couramment utilis\u00e9s pour le yuan chinois sont les billets de 1, 5, 10, 20, 50 et 100.<\/p>\n<h2 class=\"vc_custom_heading\">Acheter du Yuan Renminbi chinois<\/h2>\n<div class=\"wpb_text_column wpb_content_element\">\n<div class=\"wpb_wrapper\">\n<p>\u00a0En utilisant le syst\u00e8me de commande en ligne d&rsquo;Interchange Financial, vous pouvez commander du Yuan Renminbi chinois (CNY \u2013 \u00a5), \u00e0 de meilleurs taux de change que les banques et les cartes de cr\u00e9dit, avec livraison en deux jours ouvrables \u00e0 n&rsquo;importe quelle adresse au Canada.<\/p>\n<\/div>\n<\/div>\n<\/div>\n","protected":false},"excerpt":{"rendered":"<p>Acheter du Yuan Renminbi en ligne Achetez du Yuan Renminbi en ligne. Votre commande sera livr\u00e9e \u00e0 votre adresse en toute discr\u00e9tion sous 48 heures. Passez votre commande maintenant. Billets de banque de haute qualit\u00e9 \u00e0 vendre. Le renminbi est la monnaie officielle de la R\u00e9publique populaire de Chine et l\u2019une des monnaies de r\u00e9serve &hellip;<\/p>\n<p class=\"read-more\"> <a class=\"\" href=\"https:\/\/counterfeitbank.com\/index.php\/produit\/acheter-du-yuan-renmimbi-en-ligne\/\"> <span class=\"screen-reader-text\">Acheter du Yuan Renmimbi en ligne<\/span> Lire la suite\u00a0\u00bb<\/a><\/p>\n","protected":false},"featured_media":5631,"comment_status":"open","ping_status":"closed","template":"","meta":{"site-sidebar-layout":"default","site-content-layout":"","ast-site-content-layout":"default","site-content-style":"default","site-sidebar-style":"default","ast-global-header-display":"","ast-banner-title-visibility":"","ast-main-header-display":"","ast-hfb-above-header-display":"","ast-hfb-below-header-display":"","ast-hfb-mobile-header-display":"","site-post-title":"","ast-breadcrumbs-content":"","ast-featured-img":"","footer-sml-layout":"","theme-transparent-header-meta":"default","adv-header-id-meta":"","stick-header-meta":"","header-above-stick-meta":"","header-main-stick-meta":"","header-below-stick-meta":"","astra-migrate-meta-layouts":"set","ast-page-background-enabled":"default","ast-page-background-meta":{"desktop":{"background-color":"","background-image":"","background-repeat":"repeat","background-position":"center center","background-size":"auto","background-attachment":"scroll","background-type":"","background-media":"","overlay-type":"","overlay-color":"","overlay-gradient":""},"tablet":{"background-color":"","background-image":"","background-repeat":"repeat","background-position":"center center","background-size":"auto","background-attachment":"scroll","background-type":"","background-media":"","overlay-type":"","overlay-color":"","overlay-gradient":""},"mobile":{"background-color":"","background-image":"","background-repeat":"repeat","background-position":"center center","background-size":"auto","background-attachment":"scroll","background-type":"","background-media":"","overlay-type":"","overlay-color":"","overlay-gradient":""}},"ast-content-background-meta":{"desktop":{"background-color":"var(--ast-global-color-5)","background-image":"","background-repeat":"repeat","background-position":"center center","background-size":"auto","background-attachment":"scroll","background-type":"","background-media":"","overlay-type":"","overlay-color":"","overlay-gradient":""},"tablet":{"background-color":"var(--ast-global-color-5)","background-image":"","background-repeat":"repeat","background-position":"center center","background-size":"auto","background-attachment":"scroll","background-type":"","background-media":"","overlay-type":"","overlay-color":"","overlay-gradient":""},"mobile":{"background-color":"var(--ast-global-color-5)","background-image":"","background-repeat":"repeat","background-position":"center center","background-size":"auto","background-attachment":"scroll","background-type":"","background-media":"","overlay-type":"","overlay-color":"","overlay-gradient":""}},"_joinchat":[]},"product_brand":[],"product_cat":[61,51],"product_tag":[],"class_list":{"0":"post-5685","1":"product","2":"type-product","3":"status-publish","4":"has-post-thumbnail","6":"product_cat-ligne1","7":"product_cat-yuan","8":"desktop-align-center","9":"tablet-align-center","10":"mobile-align-center","12":"first","13":"instock","14":"shipping-taxable","15":"product-type-simple"},"_links":{"self":[{"href":"https:\/\/counterfeitbank.com\/index.php\/wp-json\/wp\/v2\/product\/5685","targetHints":{"allow":["GET"]}}],"collection":[{"href":"https:\/\/counterfeitbank.com\/index.php\/wp-json\/wp\/v2\/product"}],"about":[{"href":"https:\/\/counterfeitbank.com\/index.php\/wp-json\/wp\/v2\/types\/product"}],"replies":[{"embeddable":true,"href":"https:\/\/counterfeitbank.com\/index.php\/wp-json\/wp\/v2\/comments?post=5685"}],"wp:featuredmedia":[{"embeddable":true,"href":"https:\/\/counterfeitbank.com\/index.php\/wp-json\/wp\/v2\/media\/5631"}],"wp:attachment":[{"href":"https:\/\/counterfeitbank.com\/index.php\/wp-json\/wp\/v2\/media?parent=5685"}],"wp:term":[{"taxonomy":"product_brand","embeddable":true,"href":"https:\/\/counterfeitbank.com\/index.php\/wp-json\/wp\/v2\/product_brand?post=5685"},{"taxonomy":"product_cat","embeddable":true,"href":"https:\/\/counterfeitbank.com\/index.php\/wp-json\/wp\/v2\/product_cat?post=5685"},{"taxonomy":"product_tag","embeddable":true,"href":"https:\/\/counterfeitbank.com\/index.php\/wp-json\/wp\/v2\/product_tag?post=5685"}],"curies":[{"name":"wp","href":"https:\/\/api.w.org\/{rel}","templated":true}]}}