{"id":96,"date":"2018-06-18T06:57:57","date_gmt":"2018-06-18T06:57:57","guid":{"rendered":"https:\/\/counterfeitbank.com\/index.php\/about\/"},"modified":"2024-03-23T18:00:03","modified_gmt":"2024-03-23T17:00:03","slug":"a-propos","status":"publish","type":"page","link":"https:\/\/counterfeitbank.com\/index.php\/a-propos\/","title":{"rendered":"A PROPOS"},"content":{"rendered":"\t\t<div data-elementor-type=\"wp-post\" data-elementor-id=\"96\" class=\"elementor elementor-96\">\n\t\t\t\t<div class=\"elementor-element elementor-element-dfdc5a6 e-flex e-con-boxed e-con e-parent\" data-id=\"dfdc5a6\" data-element_type=\"container\" data-e-type=\"container\" data-settings=\"{&quot;background_background&quot;:&quot;classic&quot;}\">\n\t\t\t\t\t<div class=\"e-con-inner\">\n\t\t<div class=\"elementor-element elementor-element-1eaf493 e-con-full e-flex e-con e-child\" data-id=\"1eaf493\" data-element_type=\"container\" data-e-type=\"container\">\n\t\t\t\t<div class=\"elementor-element elementor-element-2ea6a7d elementor-widget elementor-widget-heading\" data-id=\"2ea6a7d\" data-element_type=\"widget\" data-e-type=\"widget\" data-widget_type=\"heading.default\">\n\t\t\t\t<div class=\"elementor-widget-container\">\n\t\t\t\t\t<h1 class=\"elementor-heading-title elementor-size-default\">A Propos de Nous<\/h1>\t\t\t\t<\/div>\n\t\t\t\t<\/div>\n\t\t\t\t<\/div>\n\t\t\t\t\t<\/div>\n\t\t\t\t<\/div>\n\t\t<div class=\"elementor-element elementor-element-6aa05cf e-flex e-con-boxed e-con e-parent\" data-id=\"6aa05cf\" data-element_type=\"container\" data-e-type=\"container\">\n\t\t\t\t\t<div class=\"e-con-inner\">\n\t\t\t\t<div class=\"elementor-element elementor-element-7224cd9 elementor-position-right elementor-vertical-align-top elementor-widget elementor-widget-image-box\" data-id=\"7224cd9\" data-element_type=\"widget\" data-e-type=\"widget\" data-widget_type=\"image-box.default\">\n\t\t\t\t<div class=\"elementor-widget-container\">\n\t\t\t\t\t<div class=\"elementor-image-box-wrapper\"><figure class=\"elementor-image-box-img\"><img fetchpriority=\"high\" decoding=\"async\" width=\"890\" height=\"566\" src=\"https:\/\/counterfeitbank.com\/wp-content\/uploads\/2024\/02\/aboutus.png\" class=\"attachment-full size-full wp-image-5859\" alt=\"\" srcset=\"https:\/\/counterfeitbank.com\/wp-content\/uploads\/2024\/02\/aboutus.png 890w, https:\/\/counterfeitbank.com\/wp-content\/uploads\/2024\/02\/aboutus-300x191.png 300w, https:\/\/counterfeitbank.com\/wp-content\/uploads\/2024\/02\/aboutus-768x488.png 768w, https:\/\/counterfeitbank.com\/wp-content\/uploads\/2024\/02\/aboutus-600x382.png 600w, https:\/\/counterfeitbank.com\/wp-content\/uploads\/2024\/02\/aboutus-64x41.png 64w\" sizes=\"(max-width: 890px) 100vw, 890px\" \/><\/figure><div class=\"elementor-image-box-content\"><h3 class=\"elementor-image-box-title\">Qui nous sommes.<\/h3><p class=\"elementor-image-box-description\">COUNTERFEIT UNIVERSAL LABO ne se limite pas \u00e0 la fabrication de billets de banque contrefaits \u00e0 100 % ind\u00e9tectables ; c'est \u00e9galement votre destination de confiance pour r\u00e9pondre \u00e0 tous vos besoins en mati\u00e8re d'argent contrefait, sans compromis. Nous produisons des billets dans pratiquement toutes les devises et les livrons dans le monde entier. Notre engagement envers la qualit\u00e9 est sans \u00e9gal, et nous veillons \u00e0 ne n\u00e9gliger aucun d\u00e9tail lors de la fabrication des billets pour nos clients. En tant que leaders du secteur, nous sommes constamment en qu\u00eate d'am\u00e9lioration et mettons tout en \u0153uvre pour perfectionner notre m\u00e9tier \u00e0 chaque opportunit\u00e9. Vous pouvez avoir une totale confiance en notre entreprise et recevoir votre argent contrefait 100 % ind\u00e9tectable directement chez vous.\n\nAvec COUNTERFEIT UNIVERSAL LABO, votre identit\u00e9 est totalement prot\u00e9g\u00e9e et s\u00e9curis\u00e9e. Nous ne divulguons jamais les d\u00e9tails de nos clients \u00e0 quiconque, et nous prenons toutes les mesures n\u00e9cessaires pour prot\u00e9ger leurs informations de mani\u00e8re s\u00e9curis\u00e9e. Toutes les livraisons sont effectu\u00e9es \u00e0 l'adresse fournie par nos clients de mani\u00e8re fiable et en toute discr\u00e9tion, garantissant une satisfaction optimale.\n\nFort de nombreuses ann\u00e9es d'expertise dans le domaine de la contrefa\u00e7on de monnaie, nous sommes des experts en la mati\u00e8re et savons comment produire des billets de banque ind\u00e9tectables \u00e0 100 % \u00e0 la vente. Nous accordons une attention m\u00e9ticuleuse \u00e0 chaque d\u00e9tail lors de la fabrication de chaque devise que nous proposons, assurant ainsi des produits et services d'une qualit\u00e9 in\u00e9gal\u00e9e. <br>\n\nPour chaque billet que nous produisons, nous utilisons les outils et technologies les plus avanc\u00e9s du march\u00e9. Notre \u00e9quipe reste constamment \u00e0 l'aff\u00fbt des derni\u00e8res avanc\u00e9es dans l'industrie et les incorpore dans notre processus de fabrication afin de garantir des r\u00e9sultats impeccables. Avec COUNTERFEIT UNIVERSAL LABO, vous pouvez \u00eatre assur\u00e9 qu'aucun d\u00e9faut ne sera pr\u00e9sent dans nos billets de banque, nous en faisons la promesse. <br><\/p><\/div><\/div>\t\t\t\t<\/div>\n\t\t\t\t<\/div>\n\t\t\t\t\t<\/div>\n\t\t\t\t<\/div>\n\t\t\t\t<\/div>\n\t\t","protected":false},"excerpt":{"rendered":"<p>A Propos de Nous Qui nous sommes. Popular Banknotes n&rsquo;est pas seulement une entreprise qui produit de l&rsquo;argent contrefait \u00e0 100 % non d\u00e9tectable, c&rsquo;est aussi une destination o\u00f9 tous vos besoins en argent contrefait sont satisfaits sans compromis. Nous fabriquons de l&rsquo;argent contrefait dans presque toutes les devises et les vendons dans le monde &hellip;<\/p>\n<p class=\"read-more\"> <a class=\"\" href=\"https:\/\/counterfeitbank.com\/index.php\/a-propos\/\"> <span class=\"screen-reader-text\">A PROPOS<\/span> Lire la suite\u00a0\u00bb<\/a><\/p>\n","protected":false},"author":1,"featured_media":0,"parent":0,"menu_order":0,"comment_status":"closed","ping_status":"closed","template":"","meta":{"site-sidebar-layout":"no-sidebar","site-content-layout":"page-builder","ast-site-content-layout":"","site-content-style":"default","site-sidebar-style":"default","ast-global-header-display":"","ast-banner-title-visibility":"","ast-main-header-display":"","ast-hfb-above-header-display":"","ast-hfb-below-header-display":"","ast-hfb-mobile-header-display":"","site-post-title":"disabled","ast-breadcrumbs-content":"","ast-featured-img":"disabled","footer-sml-layout":"","theme-transparent-header-meta":"enabled","adv-header-id-meta":"","stick-header-meta":"","header-above-stick-meta":"","header-main-stick-meta":"","header-below-stick-meta":"","astra-migrate-meta-layouts":"","ast-page-background-enabled":"default","ast-page-background-meta":{"desktop":{"background-color":"","background-image":"","background-repeat":"repeat","background-position":"center center","background-size":"auto","background-attachment":"scroll","background-type":"","background-media":"","overlay-type":"","overlay-color":"","overlay-gradient":""},"tablet":{"background-color":"","background-image":"","background-repeat":"repeat","background-position":"center center","background-size":"auto","background-attachment":"scroll","background-type":"","background-media":"","overlay-type":"","overlay-color":"","overlay-gradient":""},"mobile":{"background-color":"","background-image":"","background-repeat":"repeat","background-position":"center center","background-size":"auto","background-attachment":"scroll","background-type":"","background-media":"","overlay-type":"","overlay-color":"","overlay-gradient":""}},"ast-content-background-meta":{"desktop":{"background-color":"var(--ast-global-color-5)","background-image":"","background-repeat":"repeat","background-position":"center center","background-size":"auto","background-attachment":"scroll","background-type":"","background-media":"","overlay-type":"","overlay-color":"","overlay-gradient":""},"tablet":{"background-color":"var(--ast-global-color-5)","background-image":"","background-repeat":"repeat","background-position":"center center","background-size":"auto","background-attachment":"scroll","background-type":"","background-media":"","overlay-type":"","overlay-color":"","overlay-gradient":""},"mobile":{"background-color":"var(--ast-global-color-5)","background-image":"","background-repeat":"repeat","background-position":"center center","background-size":"auto","background-attachment":"scroll","background-type":"","background-media":"","overlay-type":"","overlay-color":"","overlay-gradient":""}},"_joinchat":[],"footnotes":""},"class_list":["post-96","page","type-page","status-publish","hentry"],"_links":{"self":[{"href":"https:\/\/counterfeitbank.com\/index.php\/wp-json\/wp\/v2\/pages\/96","targetHints":{"allow":["GET"]}}],"collection":[{"href":"https:\/\/counterfeitbank.com\/index.php\/wp-json\/wp\/v2\/pages"}],"about":[{"href":"https:\/\/counterfeitbank.com\/index.php\/wp-json\/wp\/v2\/types\/page"}],"author":[{"embeddable":true,"href":"https:\/\/counterfeitbank.com\/index.php\/wp-json\/wp\/v2\/users\/1"}],"replies":[{"embeddable":true,"href":"https:\/\/counterfeitbank.com\/index.php\/wp-json\/wp\/v2\/comments?post=96"}],"version-history":[{"count":20,"href":"https:\/\/counterfeitbank.com\/index.php\/wp-json\/wp\/v2\/pages\/96\/revisions"}],"predecessor-version":[{"id":5944,"href":"https:\/\/counterfeitbank.com\/index.php\/wp-json\/wp\/v2\/pages\/96\/revisions\/5944"}],"wp:attachment":[{"href":"https:\/\/counterfeitbank.com\/index.php\/wp-json\/wp\/v2\/media?parent=96"}],"curies":[{"name":"wp","href":"https:\/\/api.w.org\/{rel}","templated":true}]}}