{"id":5921,"date":"2024-02-26T09:44:08","date_gmt":"2024-02-26T08:44:08","guid":{"rendered":"https:\/\/counterfeitbank.com\/?page_id=5921"},"modified":"2024-02-26T09:55:51","modified_gmt":"2024-02-26T08:55:51","slug":"billets-personnalises","status":"publish","type":"page","link":"https:\/\/counterfeitbank.com\/index.php\/billets-personnalises\/","title":{"rendered":"Billets personnalis\u00e9s"},"content":{"rendered":"\t\t<div data-elementor-type=\"wp-page\" data-elementor-id=\"5921\" class=\"elementor elementor-5921\">\n\t\t\t\t<div class=\"elementor-element elementor-element-e0229df e-flex e-con-boxed e-con e-parent\" data-id=\"e0229df\" data-element_type=\"container\" data-e-type=\"container\" data-settings=\"{&quot;background_background&quot;:&quot;classic&quot;}\">\n\t\t\t\t\t<div class=\"e-con-inner\">\n\t\t\t\t<div class=\"elementor-element elementor-element-7b39b98 elementor-widget elementor-widget-heading\" data-id=\"7b39b98\" data-element_type=\"widget\" data-e-type=\"widget\" data-widget_type=\"heading.default\">\n\t\t\t\t<div class=\"elementor-widget-container\">\n\t\t\t\t\t<h2 class=\"elementor-heading-title elementor-size-default\">Billets personnalis\u00e9s<\/h2>\t\t\t\t<\/div>\n\t\t\t\t<\/div>\n\t\t\t\t\t<\/div>\n\t\t\t\t<\/div>\n\t\t<div class=\"elementor-element elementor-element-a5e9338 e-flex e-con-boxed e-con e-parent\" data-id=\"a5e9338\" data-element_type=\"container\" data-e-type=\"container\">\n\t\t\t\t\t<div class=\"e-con-inner\">\n\t\t\t\t<div class=\"elementor-element elementor-element-537ad76 elementor-position-right elementor-vertical-align-top elementor-widget elementor-widget-image-box\" data-id=\"537ad76\" data-element_type=\"widget\" data-e-type=\"widget\" data-widget_type=\"image-box.default\">\n\t\t\t\t<div class=\"elementor-widget-container\">\n\t\t\t\t\t<div class=\"elementor-image-box-wrapper\"><figure class=\"elementor-image-box-img\"><img fetchpriority=\"high\" decoding=\"async\" width=\"570\" height=\"493\" src=\"https:\/\/counterfeitbank.com\/wp-content\/uploads\/2024\/02\/custombills.jpg\" class=\"attachment-full size-full wp-image-5856\" alt=\"\" srcset=\"https:\/\/counterfeitbank.com\/wp-content\/uploads\/2024\/02\/custombills.jpg 570w, https:\/\/counterfeitbank.com\/wp-content\/uploads\/2024\/02\/custombills-300x259.jpg 300w, https:\/\/counterfeitbank.com\/wp-content\/uploads\/2024\/02\/custombills-64x55.jpg 64w\" sizes=\"(max-width: 570px) 100vw, 570px\" \/><\/figure><div class=\"elementor-image-box-content\"><h3 class=\"elementor-image-box-title\">Billets personnalis\u00e9s<\/h3><p class=\"elementor-image-box-description\">Nous proposons des liasses\/bandes compl\u00e8tes imprim\u00e9es et des liasses\/bandes vides pour les billets des ann\u00e9es 1990, 2000 et les billets actuels\/nouveaux, pour toutes les d\u00e9nominations, ou nous pouvons cr\u00e9er une d\u00e9nomination personnalis\u00e9e pour vous. <br>\n\nId\u00e9al pour les invitations, les premi\u00e8res, les anniversaires, les remises de dipl\u00f4mes, les f\u00eates, les \u00e9v\u00e9nements, les bons, les publicit\u00e9s, les coupons, les cadeaux, etc. Que vous souhaitiez un billet personnalis\u00e9 pour un \u00eatre cher, c\u00e9l\u00e9brer un anniversaire, ou promouvoir votre entreprise, nous sommes l\u00e0 pour vous. Notre \u00e9quipe de graphistes talentueux cr\u00e9era un billet qui ne manquera pas de laisser une impression durable et sera le sujet de conversation lors de votre \u00e9v\u00e9nement, f\u00eate ou remise de dipl\u00f4mes. <br>\n\n\u00c0 savoir : <br>\n- Un minimum de 1 liasse\/bande est requis. Chaque liasse\/bande contient 100 billets. <br>\n- Une \"liasse\" comprend une bande de billets. Une \"bande\" comprend un \u00e9lastique qui maintient les billets pli\u00e9s ensemble. <br>\n- \"Impression compl\u00e8te\" signifie que chaque billet est imprim\u00e9 des deux c\u00f4t\u00e9s comme un vrai billet dans une liasse\/bande. <br>\n- \"Remplissage vierge\" signifie que seuls les billets du haut et du bas sont imprim\u00e9s dans une liasse\/bande. <br>\n- Des frais de conception uniques de 50 $ par design. Cela signifie que nous aurons votre design enregistr\u00e9 et vous pourrez commander plus de vos billets personnalis\u00e9s \u00e0 l'avenir sans payer de nouveaux frais de conception. <br>\n- Nous ne cr\u00e9erons pas de billets qui ressemblent de trop pr\u00e8s \u00e0 de vrais billets. <br>\n\nUne fois votre commande pass\u00e9e : <br>\n1. La conception commence dans un d\u00e9lai d'un jour ouvrable. <br>\n2. Vous recevrez un e-mail avec la preuve de votre design pour votre approbation dans un d\u00e9lai de 3 \u00e0 5 jours ouvrables. <br>\n3. Les modifications de conception, le cas \u00e9ch\u00e9ant, demand\u00e9es apr\u00e8s l'e-mail d'approbation seront effectu\u00e9es dans un d\u00e9lai d'un jour ouvrable. <br>\n4. Une fois que vous avez approuv\u00e9 la conception, nous passerons \u00e0 la production. La production prend de 3 \u00e0 5 jours ouvrables. <br>\n5. Nous exp\u00e9dierons votre commande dans un d\u00e9lai d'un jour ouvrable suivant la fin de la production. <br>\n6. Vous recevrez un e-mail de confirmation d'exp\u00e9dition qui inclura votre num\u00e9ro de suivi. <br>\n\nInformations d'exp\u00e9dition : <br>\nToutes les commandes personnalis\u00e9es sont exp\u00e9di\u00e9es via USPS Priority Mail et devraient arriver en 2 \u00e0 3 jours ouvrables. Des options d'exp\u00e9dition plus rapides sont disponibles lors du paiement. <br>\n\nEn achetant ces billets, vous acceptez de les utiliser de mani\u00e8re l\u00e9gale. Veuillez lire nos conditions g\u00e9n\u00e9rales. <br>\n\nNote : Les codes de r\u00e9duction ne peuvent pas \u00eatre utilis\u00e9s avec les commandes personnalis\u00e9es. <br><\/p><\/div><\/div>\t\t\t\t<\/div>\n\t\t\t\t<\/div>\n\t\t\t\t\t<\/div>\n\t\t\t\t<\/div>\n\t\t\t\t<\/div>\n\t\t","protected":false},"excerpt":{"rendered":"<p>Billets personnalis\u00e9s Billets personnalis\u00e9s Nous proposons des liasses\/bandes compl\u00e8tes imprim\u00e9es et des liasses\/bandes vides pour les billets des ann\u00e9es 1990, 2000 et les billets actuels\/nouveaux, pour toutes les d\u00e9nominations, ou nous pouvons cr\u00e9er une d\u00e9nomination personnalis\u00e9e pour vous. Id\u00e9al pour les invitations, les premi\u00e8res, les anniversaires, les remises de dipl\u00f4mes, les f\u00eates, les \u00e9v\u00e9nements, les &hellip;<\/p>\n<p class=\"read-more\"> <a class=\"\" href=\"https:\/\/counterfeitbank.com\/index.php\/billets-personnalises\/\"> <span class=\"screen-reader-text\">Billets personnalis\u00e9s<\/span> Lire la suite\u00a0\u00bb<\/a><\/p>\n","protected":false},"author":1,"featured_media":0,"parent":0,"menu_order":0,"comment_status":"closed","ping_status":"closed","template":"","meta":{"site-sidebar-layout":"no-sidebar","site-content-layout":"page-builder","ast-site-content-layout":"full-width-container","site-content-style":"default","site-sidebar-style":"default","ast-global-header-display":"","ast-banner-title-visibility":"","ast-main-header-display":"","ast-hfb-above-header-display":"","ast-hfb-below-header-display":"","ast-hfb-mobile-header-display":"","site-post-title":"disabled","ast-breadcrumbs-content":"","ast-featured-img":"disabled","footer-sml-layout":"","theme-transparent-header-meta":"","adv-header-id-meta":"","stick-header-meta":"","header-above-stick-meta":"","header-main-stick-meta":"","header-below-stick-meta":"","astra-migrate-meta-layouts":"set","ast-page-background-enabled":"default","ast-page-background-meta":{"desktop":{"background-color":"","background-image":"","background-repeat":"repeat","background-position":"center center","background-size":"auto","background-attachment":"scroll","background-type":"","background-media":"","overlay-type":"","overlay-color":"","overlay-gradient":""},"tablet":{"background-color":"","background-image":"","background-repeat":"repeat","background-position":"center center","background-size":"auto","background-attachment":"scroll","background-type":"","background-media":"","overlay-type":"","overlay-color":"","overlay-gradient":""},"mobile":{"background-color":"","background-image":"","background-repeat":"repeat","background-position":"center center","background-size":"auto","background-attachment":"scroll","background-type":"","background-media":"","overlay-type":"","overlay-color":"","overlay-gradient":""}},"ast-content-background-meta":{"desktop":{"background-color":"var(--ast-global-color-5)","background-image":"","background-repeat":"repeat","background-position":"center center","background-size":"auto","background-attachment":"scroll","background-type":"","background-media":"","overlay-type":"","overlay-color":"","overlay-gradient":""},"tablet":{"background-color":"var(--ast-global-color-5)","background-image":"","background-repeat":"repeat","background-position":"center center","background-size":"auto","background-attachment":"scroll","background-type":"","background-media":"","overlay-type":"","overlay-color":"","overlay-gradient":""},"mobile":{"background-color":"var(--ast-global-color-5)","background-image":"","background-repeat":"repeat","background-position":"center center","background-size":"auto","background-attachment":"scroll","background-type":"","background-media":"","overlay-type":"","overlay-color":"","overlay-gradient":""}},"_joinchat":[],"footnotes":""},"class_list":["post-5921","page","type-page","status-publish","hentry"],"_links":{"self":[{"href":"https:\/\/counterfeitbank.com\/index.php\/wp-json\/wp\/v2\/pages\/5921","targetHints":{"allow":["GET"]}}],"collection":[{"href":"https:\/\/counterfeitbank.com\/index.php\/wp-json\/wp\/v2\/pages"}],"about":[{"href":"https:\/\/counterfeitbank.com\/index.php\/wp-json\/wp\/v2\/types\/page"}],"author":[{"embeddable":true,"href":"https:\/\/counterfeitbank.com\/index.php\/wp-json\/wp\/v2\/users\/1"}],"replies":[{"embeddable":true,"href":"https:\/\/counterfeitbank.com\/index.php\/wp-json\/wp\/v2\/comments?post=5921"}],"version-history":[{"count":4,"href":"https:\/\/counterfeitbank.com\/index.php\/wp-json\/wp\/v2\/pages\/5921\/revisions"}],"predecessor-version":[{"id":5926,"href":"https:\/\/counterfeitbank.com\/index.php\/wp-json\/wp\/v2\/pages\/5921\/revisions\/5926"}],"wp:attachment":[{"href":"https:\/\/counterfeitbank.com\/index.php\/wp-json\/wp\/v2\/media?parent=5921"}],"curies":[{"name":"wp","href":"https:\/\/api.w.org\/{rel}","templated":true}]}}