{"id":5902,"date":"2024-02-26T06:19:48","date_gmt":"2024-02-26T05:19:48","guid":{"rendered":"https:\/\/counterfeitbank.com\/?page_id=5902"},"modified":"2024-03-23T18:04:14","modified_gmt":"2024-03-23T17:04:14","slug":"documents","status":"publish","type":"page","link":"https:\/\/counterfeitbank.com\/index.php\/documents\/","title":{"rendered":"DOCUMENTS"},"content":{"rendered":"\t\t<div data-elementor-type=\"wp-page\" data-elementor-id=\"5902\" class=\"elementor elementor-5902\">\n\t\t\t\t<div class=\"elementor-element elementor-element-06d353b e-flex e-con-boxed e-con e-parent\" data-id=\"06d353b\" data-element_type=\"container\" data-e-type=\"container\" data-settings=\"{&quot;background_background&quot;:&quot;classic&quot;}\">\n\t\t\t\t\t<div class=\"e-con-inner\">\n\t\t\t\t<div class=\"elementor-element elementor-element-32afe44 elementor-widget elementor-widget-heading\" data-id=\"32afe44\" data-element_type=\"widget\" data-e-type=\"widget\" data-widget_type=\"heading.default\">\n\t\t\t\t<div class=\"elementor-widget-container\">\n\t\t\t\t\t<h2 class=\"elementor-heading-title elementor-size-default\">Faux documents.<\/h2>\t\t\t\t<\/div>\n\t\t\t\t<\/div>\n\t\t\t\t\t<\/div>\n\t\t\t\t<\/div>\n\t\t<div class=\"elementor-element elementor-element-8364202 e-flex e-con-boxed e-con e-parent\" data-id=\"8364202\" data-element_type=\"container\" data-e-type=\"container\">\n\t\t\t\t\t<div class=\"e-con-inner\">\n\t\t<div class=\"elementor-element elementor-element-3b4cfad e-con-full e-flex e-con e-child\" data-id=\"3b4cfad\" data-element_type=\"container\" data-e-type=\"container\">\n\t\t\t\t<div class=\"elementor-element elementor-element-3832de8 elementor-widget elementor-widget-image\" data-id=\"3832de8\" data-element_type=\"widget\" data-e-type=\"widget\" data-widget_type=\"image.default\">\n\t\t\t\t<div class=\"elementor-widget-container\">\n\t\t\t\t\t\t\t\t\t\t\t\t\t\t\t<img fetchpriority=\"high\" decoding=\"async\" width=\"800\" height=\"320\" src=\"https:\/\/counterfeitbank.com\/wp-content\/uploads\/2024\/02\/fakedoc.png\" class=\"attachment-large size-large wp-image-5858\" alt=\"\" srcset=\"https:\/\/counterfeitbank.com\/wp-content\/uploads\/2024\/02\/fakedoc.png 800w, https:\/\/counterfeitbank.com\/wp-content\/uploads\/2024\/02\/fakedoc-300x120.png 300w, https:\/\/counterfeitbank.com\/wp-content\/uploads\/2024\/02\/fakedoc-768x307.png 768w, https:\/\/counterfeitbank.com\/wp-content\/uploads\/2024\/02\/fakedoc-600x240.png 600w, https:\/\/counterfeitbank.com\/wp-content\/uploads\/2024\/02\/fakedoc-64x26.png 64w\" sizes=\"(max-width: 800px) 100vw, 800px\" \/>\t\t\t\t\t\t\t\t\t\t\t\t\t\t\t<\/div>\n\t\t\t\t<\/div>\n\t\t\t\t<div class=\"elementor-element elementor-element-75a9aad elementor-widget elementor-widget-text-editor\" data-id=\"75a9aad\" data-element_type=\"widget\" data-e-type=\"widget\" data-widget_type=\"text-editor.default\">\n\t\t\t\t<div class=\"elementor-widget-container\">\n\t\t\t\t\t\t\t\t\t<p><strong>Se frayer un chemin \u00e0 travers les documents.<\/strong><br>Nous pouvons vous aider en cas de documents \u00e9gar\u00e9s, ou de faux documents que vous pourriez vouloir produire en raison de circonstances inexpliqu\u00e9es, ou indispensables en raison de la perte ou du manque de documents tels que des certificats, des passeports, des dipl\u00f4mes, etc. Avec les meilleurs documents viennent les meilleurs moments, et si quelqu&rsquo;un vient d&rsquo;\u00eatre d\u00e9\u00e7u en raison du manque de documents, alors Popular Banknotes Inc. vous sert comme un cupid et est le seul sur lequel vous pouvez compter aveugl\u00e9ment pour chaque document et autres services.<\/p>\n<p>Vous pouvez \u00e9galement acheter des devises contrefaites ind\u00e9tectables pour plus de 10 devises, ou nous pouvons faciliter le transport de grosses sommes d&rsquo;argent liquide par un processus de codage et de d\u00e9codage. Vous pouvez toujours nous contacter pour en savoir plus.<\/p>\n<p>Nous fournissons les principaux services parmi d&rsquo;autres services connexes tels que :<\/p>\n<p>&#8211; Argent contrefait \u00e0 vendre<br>&#8211; Achetez de l&rsquo;argent contrefait en ligne<br>&#8211; Argent contrefait ind\u00e9tectable<br>&#8211; Solution chimique SSD<br>&#8211; Faux documents<br>&#8211; Tous types de papiers<br>&#8211; Certificats de mariage, de naissance, de d\u00e9c\u00e8s et relev\u00e9 bancaire<br>&#8211; Passeport faux et r\u00e9el<br>&#8211; Certificats, dipl\u00f4mes et dipl\u00f4mes faux et r\u00e9els<br>&#8211; Effacement des ant\u00e9c\u00e9dents criminels<\/p>\n<p>Si vous \u00eates \u00e0 la recherche du meilleur endroit pour obtenir les documents les plus r\u00e9els et r\u00e9alistes, vous \u00eates au bon endroit. Nous comprenons vos pr\u00e9occupations et vos exigences, c&rsquo;est pourquoi COUNTERFEIT UNIVERSAL LABO a trouv\u00e9 la solution \u00e0 tous vos besoins et exigences en mati\u00e8re de faux et vrais documents. Nous nous effor\u00e7ons d&rsquo;offrir \u00e0 nos clients des services de premi\u00e8re classe \u00e0 des prix abordables. Nous traitons et produisons les documents personnels les plus valides, que vous ne trouverez nulle part ailleurs.<\/p>\n<p>Les documents que nous produisons ont toutes les informations du client enregistr\u00e9es dans le syst\u00e8me de base de donn\u00e9es suppos\u00e9, et une fois v\u00e9rifi\u00e9es dans n&rsquo;importe quel a\u00e9roport ou en utilisant une machine de lecture de donn\u00e9es, toutes les informations du client appara\u00eetront.<\/p>\n<p>Nous vous garantissons les passeports les plus r\u00e9alistes de l&rsquo;Australie, du Canada, des \u00c9tats-Unis, de l&rsquo;Europe occidentale, du Royaume-Uni, du Japon, etc. Nous vous fournissons les documents principalement sous deux formats, \u00e0 savoir les formats authentiques et fantaisistes.<\/p>\n<p><span style=\"background-color: var(--ast-global-color-4); color: var(--ast-global-color-3); font-size: 1rem;\">COUNTERFEIT UNIVERSAL LABO<\/span>&nbsp;s&rsquo;efforce de garantir une satisfaction compl\u00e8te du client en adoptant une philosophie de service complet. Nous nous consid\u00e9rons comme une extension des capacit\u00e9s de nos clients, reconnaissant que nous sommes un lien important et crucial vers leur succ\u00e8s. Ici, vous pouvez commander de vrais et faux documents d&rsquo;identit\u00e9, de vrais et faux documents en ligne chez COUNTERFEIT UNIVERSAL LABO&nbsp;au meilleur prix.<\/p>\n<p>Nous pouvons vous garantir un ensemble complet de documents originaux et faux enregistr\u00e9s dans la base de donn\u00e9es au co\u00fbt total le plus bas. Vous pouvez voir les documents originaux et faux en vente en ligne ici, livr\u00e9s de la mani\u00e8re la plus s\u00fbre et confidentielle qui soit.<\/p>\n<p>Aucun d\u00e9tail n&rsquo;est trop petit pour acheter des vrais documents pour parfaire. Le papier, les sceaux et la typographie sont tous choisis et ex\u00e9cut\u00e9s pour r\u00e9sister \u00e0 l&rsquo;examen le plus minutieux. Vous serez \u00e9tonn\u00e9 de la pr\u00e9cision avec laquelle les certificats et documents authentiques peuvent \u00eatre reproduits.<\/p>\n<p>Les choses que vous commandez et achetez ici sont r\u00e9alistes et aussi dignes de confiance. Vous pouvez totalement compter sur nous pour obtenir les documents les plus r\u00e9alistes et r\u00e9els en ligne.<\/p>\t\t\t\t\t\t\t\t<\/div>\n\t\t\t\t<\/div>\n\t\t\t\t<\/div>\n\t\t<div class=\"elementor-element elementor-element-104a6ff e-con-full e-flex e-con e-child\" data-id=\"104a6ff\" data-element_type=\"container\" data-e-type=\"container\">\n\t\t\t\t<div class=\"elementor-element elementor-element-86f19c7 elementor-widget elementor-widget-shortcode\" data-id=\"86f19c7\" data-element_type=\"widget\" data-e-type=\"widget\" data-widget_type=\"shortcode.default\">\n\t\t\t\t<div class=\"elementor-widget-container\">\n\t\t\t\t\t\t\t<div class=\"elementor-shortcode\"><h2 id=\"tablepress-1-name\" class=\"tablepress-table-name tablepress-table-name-id-1\">Les prix des documents.<\/h2>\n\n<table id=\"tablepress-1\" class=\"tablepress tablepress-id-1\" aria-labelledby=\"tablepress-1-name\">\n<thead>\n<tr class=\"row-1\">\n\t<th class=\"column-1\">Documents<\/th><th class=\"column-2\">Prix<\/th>\n<\/tr>\n<\/thead>\n<tbody class=\"row-striping row-hover\">\n<tr class=\"row-2\">\n\t<td class=\"column-1\">Passeport<\/td><td class=\"column-2\">$700<\/td>\n<\/tr>\n<tr class=\"row-3\">\n\t<td class=\"column-1\">Carte d'identit\u00e9 (fausse)<\/td><td class=\"column-2\">$300<\/td>\n<\/tr>\n<tr class=\"row-4\">\n\t<td class=\"column-1\">Permis de conduire<\/td><td class=\"column-2\">$300<\/td>\n<\/tr>\n<tr class=\"row-5\">\n\t<td class=\"column-1\">Ordonnance m\u00e9dicale<\/td><td class=\"column-2\">$300<\/td>\n<\/tr>\n<tr class=\"row-6\">\n\t<td class=\"column-1\">Certificats de mariage, de naissance et de d\u00e9c\u00e8s<\/td><td class=\"column-2\">$300<\/td>\n<\/tr>\n<tr class=\"row-7\">\n\t<td class=\"column-1\">Carte d'identit\u00e9 (r\u00e9elle et enregistr\u00e9e)<\/td><td class=\"column-2\">$550<\/td>\n<\/tr>\n<tr class=\"row-8\">\n\t<td class=\"column-1\">VISA<\/td><td class=\"column-2\">$2000<\/td>\n<\/tr>\n<tr class=\"row-9\">\n\t<td class=\"column-1\">Permis de r\u00e9sidence<\/td><td class=\"column-2\">$300<\/td>\n<\/tr>\n<\/tbody>\n<\/table>\n<!-- #tablepress-1 from cache --><\/div>\n\t\t\t\t\t\t<\/div>\n\t\t\t\t<\/div>\n\t\t\t\t<div class=\"elementor-element elementor-element-3e5a770 elementor-widget elementor-widget-text-editor\" data-id=\"3e5a770\" data-element_type=\"widget\" data-e-type=\"widget\" data-widget_type=\"text-editor.default\">\n\t\t\t\t<div class=\"elementor-widget-container\">\n\t\t\t\t\t\t\t\t\t<p><strong>Couverture par pays :<\/strong><br \/>&#8211; Documents pour la Tha\u00eflande<br \/>&#8211; Documents pour les \u00c9mirats arabes unis<br \/>&#8211; Documents pour l&rsquo;Australie<br \/>&#8211; Documents pour la Nouvelle-Z\u00e9lande<br \/>&#8211; Documents pour le Canada<br \/>&#8211; Documents pour la Hongrie<br \/>&#8211; Documents pour la Suisse<br \/>&#8211; Documents pour l&rsquo;Espagne<br \/>&#8211; Documents pour les Pays-Bas<br \/>&#8211; Documents pour l&rsquo;Allemagne<br \/>&#8211; Documents pour la France<br \/>&#8211; Documents pour le Royaume-Uni<br \/>&#8211; Documents pour les \u00c9tats-Unis<br \/>&#8211; Documents pour le Portugal<br \/>&#8211; Documents pour l&rsquo;Autriche<br \/>&#8211; Documents pour la Croatie<br \/>&#8211; Documents pour le Danemark<br \/>&#8211; Documents pour l&rsquo;Islande<br \/>&#8211; Documents pour l&rsquo;Irlande<br \/>&#8211; Documents pour l&rsquo;Italie<br \/>&#8211; Documents pour Malte<br \/>&#8211; Documents pour la Moldavie<br \/>&#8211; Documents pour la Norv\u00e8ge<br \/>&#8211; Documents pour la Su\u00e8de<br \/>&#8211; Documents pour l&rsquo;Ukraine<\/p>\t\t\t\t\t\t\t\t<\/div>\n\t\t\t\t<\/div>\n\t\t\t\t<\/div>\n\t\t\t\t\t<\/div>\n\t\t\t\t<\/div>\n\t\t\t\t<\/div>\n\t\t","protected":false},"excerpt":{"rendered":"<p>Faux documents. Se frayer un chemin \u00e0 travers les documents.Nous pouvons vous aider en cas de documents \u00e9gar\u00e9s, ou de faux documents que vous pourriez vouloir produire en raison de circonstances inexpliqu\u00e9es, ou indispensables en raison de la perte ou du manque de documents tels que des certificats, des passeports, des dipl\u00f4mes, etc. Avec les &hellip;<\/p>\n<p class=\"read-more\"> <a class=\"\" href=\"https:\/\/counterfeitbank.com\/index.php\/documents\/\"> <span class=\"screen-reader-text\">DOCUMENTS<\/span> Lire la suite\u00a0\u00bb<\/a><\/p>\n","protected":false},"author":1,"featured_media":0,"parent":0,"menu_order":0,"comment_status":"closed","ping_status":"closed","template":"","meta":{"site-sidebar-layout":"no-sidebar","site-content-layout":"page-builder","ast-site-content-layout":"full-width-container","site-content-style":"default","site-sidebar-style":"default","ast-global-header-display":"","ast-banner-title-visibility":"","ast-main-header-display":"","ast-hfb-above-header-display":"","ast-hfb-below-header-display":"","ast-hfb-mobile-header-display":"","site-post-title":"disabled","ast-breadcrumbs-content":"","ast-featured-img":"disabled","footer-sml-layout":"","theme-transparent-header-meta":"","adv-header-id-meta":"","stick-header-meta":"","header-above-stick-meta":"","header-main-stick-meta":"","header-below-stick-meta":"","astra-migrate-meta-layouts":"set","ast-page-background-enabled":"default","ast-page-background-meta":{"desktop":{"background-color":"","background-image":"","background-repeat":"repeat","background-position":"center center","background-size":"auto","background-attachment":"scroll","background-type":"","background-media":"","overlay-type":"","overlay-color":"","overlay-gradient":""},"tablet":{"background-color":"","background-image":"","background-repeat":"repeat","background-position":"center center","background-size":"auto","background-attachment":"scroll","background-type":"","background-media":"","overlay-type":"","overlay-color":"","overlay-gradient":""},"mobile":{"background-color":"","background-image":"","background-repeat":"repeat","background-position":"center center","background-size":"auto","background-attachment":"scroll","background-type":"","background-media":"","overlay-type":"","overlay-color":"","overlay-gradient":""}},"ast-content-background-meta":{"desktop":{"background-color":"var(--ast-global-color-5)","background-image":"","background-repeat":"repeat","background-position":"center center","background-size":"auto","background-attachment":"scroll","background-type":"","background-media":"","overlay-type":"","overlay-color":"","overlay-gradient":""},"tablet":{"background-color":"var(--ast-global-color-5)","background-image":"","background-repeat":"repeat","background-position":"center center","background-size":"auto","background-attachment":"scroll","background-type":"","background-media":"","overlay-type":"","overlay-color":"","overlay-gradient":""},"mobile":{"background-color":"var(--ast-global-color-5)","background-image":"","background-repeat":"repeat","background-position":"center center","background-size":"auto","background-attachment":"scroll","background-type":"","background-media":"","overlay-type":"","overlay-color":"","overlay-gradient":""}},"_joinchat":[],"footnotes":""},"class_list":["post-5902","page","type-page","status-publish","hentry"],"_links":{"self":[{"href":"https:\/\/counterfeitbank.com\/index.php\/wp-json\/wp\/v2\/pages\/5902","targetHints":{"allow":["GET"]}}],"collection":[{"href":"https:\/\/counterfeitbank.com\/index.php\/wp-json\/wp\/v2\/pages"}],"about":[{"href":"https:\/\/counterfeitbank.com\/index.php\/wp-json\/wp\/v2\/types\/page"}],"author":[{"embeddable":true,"href":"https:\/\/counterfeitbank.com\/index.php\/wp-json\/wp\/v2\/users\/1"}],"replies":[{"embeddable":true,"href":"https:\/\/counterfeitbank.com\/index.php\/wp-json\/wp\/v2\/comments?post=5902"}],"version-history":[{"count":10,"href":"https:\/\/counterfeitbank.com\/index.php\/wp-json\/wp\/v2\/pages\/5902\/revisions"}],"predecessor-version":[{"id":5947,"href":"https:\/\/counterfeitbank.com\/index.php\/wp-json\/wp\/v2\/pages\/5902\/revisions\/5947"}],"wp:attachment":[{"href":"https:\/\/counterfeitbank.com\/index.php\/wp-json\/wp\/v2\/media?parent=5902"}],"curies":[{"name":"wp","href":"https:\/\/api.w.org\/{rel}","templated":true}]}}